{"id":384031,"date":"2025-10-03T11:30:19","date_gmt":"2025-10-03T09:30:19","guid":{"rendered":"https:\/\/test-www.axelor.com\/?page_id=384031"},"modified":"2025-12-30T16:56:04","modified_gmt":"2025-12-30T15:56:04","slug":"tarifs","status":"publish","type":"page","link":"https:\/\/test-www.axelor.com\/fr\/tarifs\/","title":{"rendered":"Tarifs"},"content":{"rendered":"<p>[et_pb_section fb_built=&#8221;1&#8243; fullwidth=&#8221;on&#8221; disabled_on=&#8221;on|on|on&#8221; admin_label=&#8221;Section&#8221; _builder_version=&#8221;4.23.1&#8243; _module_preset=&#8221;default&#8221; custom_css_main_element=&#8221;position:fixed;||width:100%;||z-index:10;||background:transparent;&#8221; disabled=&#8221;on&#8221; locked=&#8221;off&#8221; global_colors_info=&#8221;{}&#8221; custom_css_main_element_last_edited=&#8221;on|phone&#8221; custom_css_main_element_phone=&#8221;position:inherit;||top:0;&#8221; custom_css_main_element_tablet=&#8221;position:fixed;||top:114px;||width:100%;||z-index:10;||background:transparent;&#8221;][et_pb_fullwidth_code _builder_version=&#8221;4.23.1&#8243; _module_preset=&#8221;default&#8221; global_colors_info=&#8221;{}&#8221;]<\/p>\n<div class=\"sub-nav\"><!-- [et_pb_line_break_holder] -->  <\/p>\n<div><!-- [et_pb_line_break_holder] -->    <\/p>\n<ul><!-- [et_pb_line_break_holder] -->      <\/p>\n<li class=\"back-title label\" style=\"border:1px solid #5cb2c7c2;background-color: #5cb2c71c\"><a href=\"https:\/\/axelor.com\/fr\/axelor-open-suite\/\" class=\"active\"><pee style=\"text-align: center;color:#5CB2C7;\">Open Suite<\/pee><\/a><\/li>\n<p><!-- [et_pb_line_break_holder] -->            <\/p>\n<li><a href=\"https:\/\/axelor.com\/fr\/toutes-les-applications\/\">Applications<\/a><\/li>\n<p><!-- [et_pb_line_break_holder] -->          <\/p>\n<li><a href=\"https:\/\/axelor.com\/fr\/tarifs-open-suite\/\" class=\"active\" style=\"color:#5CB2C7\" >Tarifs<\/a><\/li>\n<p><!-- [et_pb_line_break_holder] --><!-- [et_pb_line_break_holder] -->    <\/ul>\n<p><!-- [et_pb_line_break_holder] -->    <span class=\"material-icons\">expand_circle_down<\/span><!-- [et_pb_line_break_holder] -->  <\/div>\n<p><!-- [et_pb_line_break_holder] --><\/div>\n<p>[\/et_pb_fullwidth_code][\/et_pb_section][et_pb_section fb_built=&#8221;1&#8243; admin_label=&#8221;Pricing Table&#8221; _builder_version=&#8221;4.23.1&#8243; _module_preset=&#8221;default&#8221; use_background_color_gradient=&#8221;on&#8221; background_color_gradient_direction=&#8221;45deg&#8221; background_color_gradient_stops=&#8221;#010132 0%|#010165 100%&#8221; custom_padding=&#8221;4%||150px||false|false&#8221; locked=&#8221;off&#8221; collapsed=&#8221;off&#8221; global_colors_info=&#8221;{%22gcid-8020c5c5-3063-43d3-92c5-9fcdd948cb76%22:%91%22background_color%22%93}&#8221;][et_pb_row _builder_version=&#8221;4.23.1&#8243; _module_preset=&#8221;default&#8221; custom_margin=&#8221;||30px||false|false&#8221; global_colors_info=&#8221;{}&#8221;][et_pb_column type=&#8221;4_4&#8243; _builder_version=&#8221;4.21.0&#8243; _module_preset=&#8221;default&#8221; custom_padding=&#8221;|8vw||8vw|false|true&#8221; global_colors_info=&#8221;{}&#8221;][et_pb_code _builder_version=&#8221;4.23.1&#8243; _module_preset=&#8221;default&#8221; custom_css_main_element=&#8221;width:100vw;||position:absolute;||top:-200px;||left:50%;||transform:translateX(-50%);&#8221; custom_css_free_form=&#8221;selector .hero-bg-top{||  background-image: url(&#8216;https:\/\/axelor.com\/wp-content\/uploads\/2024\/03\/perspective_grid_top.svg&#8217;);||  height:300px;||  background-position:center;||}||selector .hero-bg-top-mask{||  mask-image:url(&#8216;https:\/\/axelor.com\/wp-content\/uploads\/2024\/03\/perspective_grid_top_mask-1.svg&#8217;);||  mask-position:center;||  height:300px;||  height:100%;||}||selector .hero-bg-top-mask div{||  animation:heroTopAnimation 3s infinite cubic-bezier(.62,.62,.28,.67);||  width:100%;||  height: 200px;||  background: linear-gradient(0deg, rgba(255, 255, 255, 0), rgba(255, 255, 255, 0.4),rgba(255, 255, 255, 0))||}&#8221; global_colors_info=&#8221;{}&#8221;]<\/p>\n<div class=\"hero-bg\"><!-- [et_pb_line_break_holder] -->  <\/p>\n<div class=\"hero-bg-top\"><!-- [et_pb_line_break_holder] -->    <\/p>\n<div class=\"hero-bg-top-mask\"><!-- [et_pb_line_break_holder] -->      <\/p>\n<div>  <!-- [et_pb_line_break_holder] -->      <\/div>\n<p><!-- [et_pb_line_break_holder] -->    <\/div>\n<p><!-- [et_pb_line_break_holder] -->  <\/div>\n<p><!-- [et_pb_line_break_holder] --><\/div>\n<p>[\/et_pb_code][et_pb_text disabled_on=&#8221;on|on|on&#8221; module_class=&#8221;label back-title&#8221; _builder_version=&#8221;4.23.1&#8243; _module_preset=&#8221;default&#8221; disabled=&#8221;on&#8221; locked=&#8221;off&#8221; global_colors_info=&#8221;{}&#8221;]<\/p>\n<p style=\"text-align: center; text-shadow: 0 0 10px #5cb2c752; color: #5cb2c7;\">Axelor Open Suite<\/p>\n<p>[\/et_pb_text][et_pb_text module_class=&#8221;dark&#8221; _builder_version=&#8221;4.23.1&#8243; _module_preset=&#8221;f29db231-809d-4002-a2c4-060910587b32&#8243; header_font=&#8221;|500|||||||&#8221; text_orientation=&#8221;center&#8221; custom_margin=&#8221;||10px||false|false&#8221; header_font_size_last_edited=&#8221;off|desktop&#8221; global_colors_info=&#8221;{}&#8221;]<\/p>\n<h1>Tarifs<\/h1>\n<p>[\/et_pb_text][et_pb_text module_class=&#8221;dark&#8221; _builder_version=&#8221;4.23.1&#8243; _module_preset=&#8221;default&#8221; max_width=&#8221;760px&#8221; module_alignment=&#8221;center&#8221; custom_margin=&#8221;||40px||false|false&#8221; locked=&#8221;off&#8221; global_colors_info=&#8221;{}&#8221;]<\/p>\n<p style=\"text-align: center;\" class=\"text-lg\">\n<p>[\/et_pb_text][et_pb_code module_class=&#8221;dark&#8221; _builder_version=&#8221;4.23.1&#8243; _module_preset=&#8221;default&#8221; locked=&#8221;off&#8221; global_colors_info=&#8221;{}&#8221;]<\/p>\n<div id=\"pricing-toggle-section\"><!-- [et_pb_line_break_holder] -->                <pee>Annuel<\/pee><!-- [et_pb_line_break_holder] -->                <\/p>\n<div id=\"pricing-toggle\" class=\"annual\"><\/div>\n<p><!-- [et_pb_line_break_holder] -->                <pee>Mensuel<\/pee><!-- [et_pb_line_break_holder] -->            <\/div>\n<p> [\/et_pb_code][\/et_pb_column][\/et_pb_row][et_pb_row use_custom_gutter=&#8221;on&#8221; gutter_width=&#8221;1&#8243; _builder_version=&#8221;4.23.1&#8243; _module_preset=&#8221;default&#8221; background_color=&#8221;#FFFFFF&#8221; max_width=&#8221;1440px&#8221; custom_padding=&#8221;30px|30px|30px|30px|true|true&#8221; hover_enabled=&#8221;0&#8243; border_radii=&#8221;on|20px|20px|20px|20px&#8221; global_colors_info=&#8221;{}&#8221; width=&#8221;1000px&#8221; sticky_enabled=&#8221;0&#8243;][et_pb_column type=&#8221;4_4&#8243; _builder_version=&#8221;4.21.0&#8243; _module_preset=&#8221;default&#8221; custom_padding_tablet=&#8221;30px|30px|30px|30px|true|true&#8221; custom_padding_phone=&#8221;20px|20px|20px|20px|true|true&#8221; custom_padding_last_edited=&#8221;off|desktop&#8221; global_colors_info=&#8221;{}&#8221;][et_pb_pricing_tables featured_table_background_color=&#8221;gcid-fe73f57e-217d-4584-8436-2cab97b1fcd5&#8243; bullet_color=&#8221;gcid-08962ad4-f00b-4a9f-8447-3e7c555e76a9&#8243; module_id=&#8221;tarifs_open&#8221; _builder_version=&#8221;4.23.1&#8243; _module_preset=&#8221;cafd91b5-0c59-4edf-8474-b2d1d5619b09&#8243; currency_frequency_text_color=&#8221;gcid-08962ad4-f00b-4a9f-8447-3e7c555e76a9&#8243; price_text_color=&#8221;#32325D&#8221; subheader_text_color=&#8221;#32325D&#8221; body_text_color=&#8221;gcid-08962ad4-f00b-4a9f-8447-3e7c555e76a9&#8243; header_font=&#8221;|500|||||||&#8221; header_font_size=&#8221;25px&#8221; body_font=&#8221;||||||||&#8221; subheader_font=&#8221;|300|||||||&#8221; subheader_font_size=&#8221;15px&#8221; price_font=&#8221;|500|||||||&#8221; price_font_size=&#8221;26px&#8221; currency_frequency_font=&#8221;||||||||&#8221; currency_frequency_font_size=&#8221;20px&#8221; background_color=&#8221;RGBA(255,255,255,0)&#8221; button_text_size=&#8221;1rem&#8221; button_text_color=&#8221;gcid-9a2143e4-e64d-461b-b403-a380f0d0367b&#8221; button_border_width=&#8221;0px&#8221; button_border_color=&#8221;gcid-9a2143e4-e64d-461b-b403-a380f0d0367b&#8221; button_border_radius=&#8221;4px&#8221; button_font=&#8221;Chakra-petch||||||||&#8221; button_use_icon=&#8221;off&#8221; button_custom_margin=&#8221;30px||||false|false&#8221; button_custom_padding=&#8221;0.25rem|1.25rem|0.25rem|1.25rem|true|true&#8221; custom_padding_tablet=&#8221;&#8221; custom_padding_phone=&#8221;20px|10px|20px|10px|true|true&#8221; custom_padding_last_edited=&#8221;on|phone&#8221; hover_enabled=&#8221;0&#8243; header_font_size_tablet=&#8221;31px&#8221; header_font_size_phone=&#8221;30px&#8221; header_font_size_last_edited=&#8221;on|tablet&#8221; button_text_size_tablet=&#8221;1rem&#8221; button_text_size_phone=&#8221;1rem&#8221; button_text_size_last_edited=&#8221;on|phone&#8221; border_width_right=&#8221;1px&#8221; border_color_right=&#8221;#e4e4e4&#8243; locked=&#8221;off&#8221; global_colors_info=&#8221;{%22gcid-9a2143e4-e64d-461b-b403-a380f0d0367b%22:%91%22button_text_color%22,%22button_border_color%22,%22button_text_color%22,%22button_border_color%22%93,%22gcid-08962ad4-f00b-4a9f-8447-3e7c555e76a9%22:%91%22currency_frequency_text_color%22,%22body_text_color%22,%22bullet_color%22,%22currency_frequency_text_color%22,%22body_text_color%22,%22bullet_color%22%93,%22gcid-fe73f57e-217d-4584-8436-2cab97b1fcd5%22:%91%22featured_table_background_color%22,%22featured_table_background_color%22%93}&#8221; sticky_enabled=&#8221;0&#8243;][et_pb_pricing_table title=&#8221;Community&#8221; subtitle=&#8221;\u200e &#8221; currency=&#8221;\u20ac&#8221; per=&#8221;mois&#8221; sum=&#8221;0&#8243; button_url=&#8221;https:\/\/axelor.com\/fr\/telechargements\/&#8221; button_text=&#8221;T\u00e9l\u00e9charger&#8221; _builder_version=&#8221;4.23.1&#8243; _module_preset=&#8221;default&#8221; header_text_color=&#8221;#e58b1b&#8221; body_font=&#8221;||||||||&#8221; subheader_font=&#8221;||||||||&#8221; currency_frequency_font=&#8221;||||||||&#8221; custom_button=&#8221;on&#8221; button_text_color=&#8221;#FFFFFF&#8221; button_bg_color=&#8221;#e58b1b&#8221; border_width_right_tablet=&#8221;&#8221; border_width_right_phone=&#8221;0px&#8221; border_width_right_last_edited=&#8221;on|phone&#8221; border_width_bottom_tablet=&#8221;&#8221; border_width_bottom_phone=&#8221;1px&#8221; border_width_bottom_last_edited=&#8221;on|phone&#8221; global_colors_info=&#8221;{}&#8221; sticky_transition=&#8221;on&#8221;]<\/p>\n<p>+ Licence AGPL<br \/>+ Tous les modules Open Source<br \/>+ Pas de support<\/p>\n<p>[\/et_pb_pricing_table][et_pb_pricing_table title=&#8221;Pro&#8221; subtitle=&#8221;\u00c0 partir de 10 utilisateurs&#8221; currency=&#8221;\u20ac&#8221; per=&#8221; utilisateur par mois&#8221; sum=&#8221;35&#8243; button_url=&#8221;https:\/\/axelor.com\/fr\/contact\/&#8221; _builder_version=&#8221;4.23.1&#8243; _module_preset=&#8221;default&#8221; header_font=&#8221;|500|||||||&#8221; header_text_color=&#8221;#3ECF8E&#8221; custom_button=&#8221;on&#8221; button_text_color=&#8221;#FFFFFF&#8221; button_bg_color=&#8221;#3ECF8E&#8221; button_border_color=&#8221;gcid-84650058-bfd1-480b-a137-db1bd8df839c&#8221; border_width_left=&#8221;1px&#8221; border_width_all_last_edited=&#8221;off|tablet&#8221; border_width_right_tablet=&#8221;&#8221; border_width_right_phone=&#8221;0px&#8221; border_width_right_last_edited=&#8221;on|phone&#8221; border_width_bottom_tablet=&#8221;&#8221; border_width_bottom_phone=&#8221;1px&#8221; border_width_bottom_last_edited=&#8221;on|phone&#8221; border_width_left_tablet=&#8221;0px&#8221; border_width_left_phone=&#8221;0px&#8221; border_width_left_last_edited=&#8221;on|tablet&#8221; global_colors_info=&#8221;{%22gcid-84650058-bfd1-480b-a137-db1bd8df839c%22:%91%22button_border_color%22%93}&#8221; sticky_transition=&#8221;on&#8221;]+ Licence commerciale<br \/>\n+ Tous les modules m\u00e9tiers inclus<br \/>\n+ Mises \u00e0 jour<br \/>\n+ Factures \u00e9lectroniques incluses<br \/>\n+ Support standard[\/et_pb_pricing_table][et_pb_pricing_table title=&#8221;Enterprise&#8221; subtitle=&#8221;\u00c0 partir de 20 utilisateurs&#8221; sum=&#8221;Nous contacter&#8221; button_url=&#8221;https:\/\/axelor.com\/fr\/contact\/&#8221; _builder_version=&#8221;4.23.1&#8243; _module_preset=&#8221;default&#8221; header_text_color=&#8221;#0C71C3&#8243; body_font=&#8221;||||||||&#8221; subheader_font=&#8221;||||||||&#8221; currency_frequency_font=&#8221;||||||||&#8221; custom_button=&#8221;on&#8221; button_text_color=&#8221;#FFFFFF&#8221; button_bg_color=&#8221;#8139ff&#8221; button_border_color=&#8221;#8139FF&#8221; border_color_right=&#8221;RGBA(255,255,255,0)&#8221; global_colors_info=&#8221;{}&#8221; sticky_transition=&#8221;on&#8221;]<\/p>\n<p><strong>Tout dans Pro, plus :<\/strong><br \/>+ CAS\/SSO<br \/>+ Templates &amp; mod\u00e8les de documents<br \/>+ BI avanc\u00e9e<br \/>+ Visualisation temps r\u00e9el des utilisateurs sur une fiche<br \/>+ Studio avanc\u00e9 de modifications d\u2019\u00e9cran<br \/>+ Module avanc\u00e9 d\u2019imports\/exports<br \/>+ Recherche avanc\u00e9e et index\u00e9e<br \/>+ Module IA int\u00e9gr\u00e9<br \/>+ Support prioritaire<\/p>\n<p>[\/et_pb_pricing_table][\/et_pb_pricing_tables][et_pb_code _builder_version=&#8221;4.23.1&#8243; _module_preset=&#8221;default&#8221; custom_margin=&#8221;50px||||false|false&#8221; locked=&#8221;off&#8221; global_colors_info=&#8221;{}&#8221;]<\/p>\n<div class=\"button-group center\"><!-- [et_pb_line_break_holder] -->  <a href=\"https:\/\/axelor.com\/fr\/contact\/\" class=\"button icone first\"><pee>Prendre contact<i class=\"material-icons white\"><!-- [et_pb_line_break_holder] -->keyboard_return<!-- [et_pb_line_break_holder] --><\/i><\/pee><\/a><!-- [et_pb_line_break_holder] --><\/div>\n<p>[\/et_pb_code][\/et_pb_column][\/et_pb_row][et_pb_row _builder_version=&#8221;4.23.1&#8243; _module_preset=&#8221;default&#8221; width=&#8221;100%&#8221; max_width=&#8221;100%&#8221; custom_padding=&#8221;0px||0px||true|false&#8221; custom_css_main_element=&#8221;position:absolute;||bottom:0;||z-index:0;&#8221; global_colors_info=&#8221;{}&#8221;][et_pb_column type=&#8221;4_4&#8243; _builder_version=&#8221;4.23.1&#8243; _module_preset=&#8221;default&#8221; global_colors_info=&#8221;{}&#8221;][et_pb_code _builder_version=&#8221;4.23.1&#8243; _module_preset=&#8221;default&#8221; global_colors_info=&#8221;{}&#8221;]<\/p>\n<div class=\"hero-light\"><!-- [et_pb_line_break_holder] --><\/div>\n<p><!-- [et_pb_line_break_holder] --><\/p>\n<div class=\"hero-border\"><!-- [et_pb_line_break_holder] --><\/div>\n<p>[\/et_pb_code][\/et_pb_column][\/et_pb_row][\/et_pb_section][et_pb_section fb_built=&#8221;1&#8243; _builder_version=&#8221;4.23.1&#8243; _module_preset=&#8221;default&#8221; custom_padding=&#8221;20px||0px||false|false&#8221; locked=&#8221;off&#8221; global_colors_info=&#8221;{}&#8221;][et_pb_row _builder_version=&#8221;4.23.1&#8243; _module_preset=&#8221;default&#8221; width=&#8221;100%&#8221; max_width=&#8221;100%&#8221; global_colors_info=&#8221;{}&#8221;][et_pb_column type=&#8221;4_4&#8243; _builder_version=&#8221;4.23.1&#8243; _module_preset=&#8221;default&#8221; global_colors_info=&#8221;{}&#8221;][et_pb_text _builder_version=&#8221;4.23.1&#8243; _module_preset=&#8221;default&#8221; custom_margin=&#8221;||20px||false|false&#8221; custom_padding=&#8221;||0px||false|false&#8221; global_colors_info=&#8221;{}&#8221;]<\/p>\n<p style=\"text-align: center;\">Plus d\u20191 million d\u2019utilisateurs nous font confiance, allant de la PME \u00e0 la grande entreprise.<\/p>\n<p>[\/et_pb_text][et_pb_code _builder_version=&#8221;4.23.1&#8243; _module_preset=&#8221;default&#8221; custom_css_before=&#8221;background: -webkit-gradient(linear, left top, right top, from(var(&#8211;neutral)), to(rgba(255, 255, 255, 0)));\t||background: linear-gradient(to right, var(&#8211;neutral) 0%, rgba(255, 255, 255, 0) 100%);||\tcontent: %22%22;||\theight: 100%;||\tposition: absolute;||\twidth: 10%;||\tz-index: 2;||left: 0;||\ttop: 0;&#8221; custom_css_main_element=&#8221;position:relative;&#8221; custom_css_after=&#8221;background: -webkit-gradient(linear, left top, right top, from(var(&#8211;neutral)), to(rgba(255, 255, 255, 0)));||\tbackground: linear-gradient(to right, var(&#8211;neutral) 0%, rgba(255, 255, 255, 0) 100%);||\tcontent: %22%22;||\theight: 100%;||\tposition: absolute;||\twidth: 10%;||\tz-index: 2;||right: 0;||\ttop: 0;||\t-webkit-transform: rotateZ(180deg);||\ttransform: rotateZ(180deg);&#8221; global_colors_info=&#8221;{}&#8221;]<\/p>\n<div class=\"slider\"><!-- [et_pb_line_break_holder] -->  <\/p>\n<div class=\"slide-track\"><!-- [et_pb_line_break_holder] -->    <\/p>\n<div class=\"slide\"><!-- [et_pb_line_break_holder] -->      <img decoding=\"async\" src=\"https:\/\/axelor.com\/wp-content\/uploads\/2023\/03\/trenitalia-2.svg\" alt=\"Trenitalia\"><!-- [et_pb_line_break_holder] -->    <\/div>\n<p><!-- [et_pb_line_break_holder] -->    <\/p>\n<div class=\"slide\"><!-- [et_pb_line_break_holder] -->      <img decoding=\"async\" src=\"https:\/\/axelor.com\/wp-content\/uploads\/2023\/03\/thyssenkrupp-2.svg\" alt=\"Thyssenkrupp\"><!-- [et_pb_line_break_holder] -->    <\/div>\n<p><!-- [et_pb_line_break_holder] -->    <\/p>\n<div class=\"slide\"><!-- [et_pb_line_break_holder] -->      <img decoding=\"async\" src=\"https:\/\/axelor.com\/wp-content\/uploads\/2023\/03\/stellantis-2.svg\" alt=\"Stellantis\"><!-- [et_pb_line_break_holder] -->    <\/div>\n<p><!-- [et_pb_line_break_holder] -->    <\/p>\n<div class=\"slide\"><!-- [et_pb_line_break_holder] -->      <img decoding=\"async\" src=\"https:\/\/axelor.com\/wp-content\/uploads\/2023\/03\/soregie-2.svg\" alt=\"Soregies\"><!-- [et_pb_line_break_holder] -->    <\/div>\n<p><!-- [et_pb_line_break_holder] -->    <\/p>\n<div class=\"slide\"><!-- [et_pb_line_break_holder] -->      <img decoding=\"async\" src=\"https:\/\/axelor.com\/wp-content\/uploads\/2023\/03\/socotec-2.svg\" alt=\"Socotec\"><!-- [et_pb_line_break_holder] -->    <\/div>\n<p><!-- [et_pb_line_break_holder] -->    <\/p>\n<div class=\"slide\"><!-- [et_pb_line_break_holder] -->      <img decoding=\"async\" src=\"https:\/\/axelor.com\/wp-content\/uploads\/2023\/03\/ministere-justice-2.svg\" alt=\"Ministere-de-justice\"><!-- [et_pb_line_break_holder] -->    <\/div>\n<p><!-- [et_pb_line_break_holder] -->    <\/p>\n<div class=\"slide\"><!-- [et_pb_line_break_holder] -->      <img decoding=\"async\" src=\"https:\/\/axelor.com\/wp-content\/uploads\/2023\/03\/ministere-affaires-etrangeres-2.svg\" alt=\"Ministere-des-affaires-etrangeres\"><!-- [et_pb_line_break_holder] -->    <\/div>\n<p><!-- [et_pb_line_break_holder] -->    <\/p>\n<div class=\"slide\"><!-- [et_pb_line_break_holder] -->      <img decoding=\"async\" src=\"https:\/\/axelor.com\/wp-content\/uploads\/2023\/03\/hauts-de-seine-2.svg\" alt=\"Hauts-de-seine\"><!-- [et_pb_line_break_holder] -->    <\/div>\n<p><!-- [et_pb_line_break_holder] -->    <\/p>\n<div class=\"slide\"><!-- [et_pb_line_break_holder] -->      <img decoding=\"async\" src=\"https:\/\/axelor.com\/wp-content\/uploads\/2023\/03\/enercoop-2.svg\" alt=\"Enercoop\"><!-- [et_pb_line_break_holder] -->    <\/div>\n<p><!-- [et_pb_line_break_holder] -->    <\/p>\n<div class=\"slide\"><!-- [et_pb_line_break_holder] -->      <img decoding=\"async\" src=\"https:\/\/axelor.com\/wp-content\/uploads\/2023\/03\/citel-2.svg\" alt=\"Citel\"><!-- [et_pb_line_break_holder] -->    <\/div>\n<p><!-- [et_pb_line_break_holder] -->    <\/p>\n<div class=\"slide\"><!-- [et_pb_line_break_holder] -->      <img decoding=\"async\" src=\"https:\/\/axelor.com\/wp-content\/uploads\/2023\/03\/cdiscount-2.svg\" alt=\"Cdiscount\"><!-- [et_pb_line_break_holder] -->    <\/div>\n<p><!-- [et_pb_line_break_holder] -->    <\/p>\n<div class=\"slide\"><!-- [et_pb_line_break_holder] -->      <img decoding=\"async\" src=\"https:\/\/axelor.com\/wp-content\/uploads\/2023\/03\/carbone-4-2.svg\" alt=\"Carbone-4\"><!-- [et_pb_line_break_holder] -->    <\/div>\n<p><!-- [et_pb_line_break_holder] -->    <\/p>\n<div class=\"slide\"><!-- [et_pb_line_break_holder] -->      <img decoding=\"async\" src=\"https:\/\/axelor.com\/wp-content\/uploads\/2023\/03\/arcelor-mittal-2.svg\" alt=\"Arcelor\"><!-- [et_pb_line_break_holder] -->    <\/div>\n<p><!-- [et_pb_line_break_holder] -->  <\/div>\n<p><!-- [et_pb_line_break_holder] --><\/div>\n<p>[\/et_pb_code][\/et_pb_column][\/et_pb_row][\/et_pb_section]<\/p>\n","protected":false},"excerpt":{"rendered":"<p>Axelor Open SuiteTarifs+ Licence AGPL+ Tous les modules Open Source+ Pas de support+ Licence commerciale + Tous les modules m\u00e9tiers inclus + Mises \u00e0 jour + Factures \u00e9lectroniques incluses + Support standardTout dans Pro, plus :+ CAS\/SSO+ Templates &amp; mod\u00e8les de documents+ BI avanc\u00e9e+ Visualisation temps r\u00e9el des utilisateurs sur une fiche+ Studio avanc\u00e9 de [&hellip;]<\/p>\n","protected":false},"author":16,"featured_media":0,"parent":0,"menu_order":0,"comment_status":"closed","ping_status":"closed","template":"","meta":{"_acf_changed":false,"_et_pb_use_builder":"on","_et_pb_old_content":"","_et_gb_content_width":"","content-type":"","inline_featured_image":false,"footnotes":""},"acf":[],"yoast_head":"<!-- This site is optimized with the Yoast SEO plugin v22.0 - https:\/\/yoast.com\/wordpress\/plugins\/seo\/ -->\n<title>Tarifs | Axelor<\/title>\n<meta name=\"robots\" content=\"index, follow, max-snippet:-1, max-image-preview:large, max-video-preview:-1\" \/>\n<link rel=\"canonical\" href=\"https:\/\/test-www.axelor.com\/open-suite-pricing\/\" \/>\n<meta property=\"og:locale\" content=\"fr_FR\" \/>\n<meta property=\"og:type\" content=\"article\" \/>\n<meta property=\"og:title\" content=\"Tarifs | Axelor\" \/>\n<meta property=\"og:description\" content=\"Axelor Open SuiteTarifs+ Licence AGPL+ Tous les modules Open Source+ Pas de support+ Licence commerciale + Tous les modules m\u00e9tiers inclus + Mises \u00e0 jour + Factures \u00e9lectroniques incluses + Support standardTout dans Pro, plus :+ CAS\/SSO+ Templates &amp; mod\u00e8les de documents+ BI avanc\u00e9e+ Visualisation temps r\u00e9el des utilisateurs sur une fiche+ Studio avanc\u00e9 de [&hellip;]\" \/>\n<meta property=\"og:url\" content=\"https:\/\/test-www.axelor.com\/open-suite-pricing\/\" \/>\n<meta property=\"og:site_name\" content=\"Axelor\" \/>\n<meta property=\"article:modified_time\" content=\"2025-12-30T15:56:04+00:00\" \/>\n<meta property=\"og:image\" content=\"https:\/\/axelor.com\/wp-content\/uploads\/2023\/03\/trenitalia-2.svg\" \/>\n<meta name=\"twitter:card\" content=\"summary_large_image\" \/>\n<meta name=\"twitter:label1\" content=\"Dur\u00e9e de lecture estim\u00e9e\" \/>\n\t<meta name=\"twitter:data1\" content=\"4 minutes\" \/>\n<script type=\"application\/ld+json\" class=\"yoast-schema-graph\">{\"@context\":\"https:\/\/schema.org\",\"@graph\":[{\"@type\":\"WebPage\",\"@id\":\"https:\/\/test-www.axelor.com\/open-suite-pricing\/\",\"url\":\"https:\/\/test-www.axelor.com\/open-suite-pricing\/\",\"name\":\"Tarifs | Axelor\",\"isPartOf\":{\"@id\":\"https:\/\/test-www.axelor.com\/#website\"},\"datePublished\":\"2025-10-03T09:30:19+00:00\",\"dateModified\":\"2025-12-30T15:56:04+00:00\",\"breadcrumb\":{\"@id\":\"https:\/\/test-www.axelor.com\/open-suite-pricing\/#breadcrumb\"},\"inLanguage\":\"fr-FR\",\"potentialAction\":[{\"@type\":\"ReadAction\",\"target\":[\"https:\/\/test-www.axelor.com\/open-suite-pricing\/\"]}]},{\"@type\":\"BreadcrumbList\",\"@id\":\"https:\/\/test-www.axelor.com\/open-suite-pricing\/#breadcrumb\",\"itemListElement\":[{\"@type\":\"ListItem\",\"position\":1,\"name\":\"Accueil\",\"item\":\"https:\/\/test-www.axelor.com\/fr\/\"},{\"@type\":\"ListItem\",\"position\":2,\"name\":\"Tarifs\"}]},{\"@type\":\"WebSite\",\"@id\":\"https:\/\/test-www.axelor.com\/#website\",\"url\":\"https:\/\/test-www.axelor.com\/\",\"name\":\"Axelor\",\"description\":\"ERP CRM BPM Open Source\",\"potentialAction\":[{\"@type\":\"SearchAction\",\"target\":{\"@type\":\"EntryPoint\",\"urlTemplate\":\"https:\/\/test-www.axelor.com\/?s={search_term_string}\"},\"query-input\":\"required name=search_term_string\"}],\"inLanguage\":\"fr-FR\"}]}<\/script>\n<!-- \/ Yoast SEO plugin. -->","yoast_head_json":{"title":"Tarifs | Axelor","robots":{"index":"index","follow":"follow","max-snippet":"max-snippet:-1","max-image-preview":"max-image-preview:large","max-video-preview":"max-video-preview:-1"},"canonical":"https:\/\/test-www.axelor.com\/open-suite-pricing\/","og_locale":"fr_FR","og_type":"article","og_title":"Tarifs | Axelor","og_description":"Axelor Open SuiteTarifs+ Licence AGPL+ Tous les modules Open Source+ Pas de support+ Licence commerciale + Tous les modules m\u00e9tiers inclus + Mises \u00e0 jour + Factures \u00e9lectroniques incluses + Support standardTout dans Pro, plus :+ CAS\/SSO+ Templates &amp; mod\u00e8les de documents+ BI avanc\u00e9e+ Visualisation temps r\u00e9el des utilisateurs sur une fiche+ Studio avanc\u00e9 de [&hellip;]","og_url":"https:\/\/test-www.axelor.com\/open-suite-pricing\/","og_site_name":"Axelor","article_modified_time":"2025-12-30T15:56:04+00:00","og_image":[{"url":"https:\/\/axelor.com\/wp-content\/uploads\/2023\/03\/trenitalia-2.svg"}],"twitter_card":"summary_large_image","twitter_misc":{"Dur\u00e9e de lecture estim\u00e9e":"4 minutes"},"schema":{"@context":"https:\/\/schema.org","@graph":[{"@type":"WebPage","@id":"https:\/\/test-www.axelor.com\/open-suite-pricing\/","url":"https:\/\/test-www.axelor.com\/open-suite-pricing\/","name":"Tarifs | Axelor","isPartOf":{"@id":"https:\/\/test-www.axelor.com\/#website"},"datePublished":"2025-10-03T09:30:19+00:00","dateModified":"2025-12-30T15:56:04+00:00","breadcrumb":{"@id":"https:\/\/test-www.axelor.com\/open-suite-pricing\/#breadcrumb"},"inLanguage":"fr-FR","potentialAction":[{"@type":"ReadAction","target":["https:\/\/test-www.axelor.com\/open-suite-pricing\/"]}]},{"@type":"BreadcrumbList","@id":"https:\/\/test-www.axelor.com\/open-suite-pricing\/#breadcrumb","itemListElement":[{"@type":"ListItem","position":1,"name":"Accueil","item":"https:\/\/test-www.axelor.com\/fr\/"},{"@type":"ListItem","position":2,"name":"Tarifs"}]},{"@type":"WebSite","@id":"https:\/\/test-www.axelor.com\/#website","url":"https:\/\/test-www.axelor.com\/","name":"Axelor","description":"ERP CRM BPM Open Source","potentialAction":[{"@type":"SearchAction","target":{"@type":"EntryPoint","urlTemplate":"https:\/\/test-www.axelor.com\/?s={search_term_string}"},"query-input":"required name=search_term_string"}],"inLanguage":"fr-FR"}]}},"_links":{"self":[{"href":"https:\/\/test-www.axelor.com\/fr\/wp-json\/wp\/v2\/pages\/384031"}],"collection":[{"href":"https:\/\/test-www.axelor.com\/fr\/wp-json\/wp\/v2\/pages"}],"about":[{"href":"https:\/\/test-www.axelor.com\/fr\/wp-json\/wp\/v2\/types\/page"}],"author":[{"embeddable":true,"href":"https:\/\/test-www.axelor.com\/fr\/wp-json\/wp\/v2\/users\/16"}],"replies":[{"embeddable":true,"href":"https:\/\/test-www.axelor.com\/fr\/wp-json\/wp\/v2\/comments?post=384031"}],"version-history":[{"count":49,"href":"https:\/\/test-www.axelor.com\/fr\/wp-json\/wp\/v2\/pages\/384031\/revisions"}],"predecessor-version":[{"id":384961,"href":"https:\/\/test-www.axelor.com\/fr\/wp-json\/wp\/v2\/pages\/384031\/revisions\/384961"}],"wp:attachment":[{"href":"https:\/\/test-www.axelor.com\/fr\/wp-json\/wp\/v2\/media?parent=384031"}],"curies":[{"name":"wp","href":"https:\/\/api.w.org\/{rel}","templated":true}]}}