{"id":38326,"date":"2021-06-22T14:09:53","date_gmt":"2021-06-22T12:09:53","guid":{"rendered":"http:\/\/eojlqgl.cluster030.hosting.ovh.net\/?page_id=38326"},"modified":"2024-04-03T15:30:09","modified_gmt":"2024-04-03T13:30:09","slug":"politique-de-confidentialite","status":"publish","type":"page","link":"https:\/\/test-www.axelor.com\/fr\/politique-de-confidentialite\/","title":{"rendered":"Politique de Confidentialit\u00e9"},"content":{"rendered":"<p>[et_pb_section fb_built=&#8221;1&#8243; _builder_version=&#8221;4.16&#8243; _module_preset=&#8221;default&#8221; global_colors_info=&#8221;{}&#8221;][et_pb_row _builder_version=&#8221;4.16&#8243; _module_preset=&#8221;default&#8221; global_colors_info=&#8221;{}&#8221;][et_pb_column type=&#8221;4_4&#8243; _builder_version=&#8221;4.16&#8243; _module_preset=&#8221;default&#8221; global_colors_info=&#8221;{}&#8221;][et_pb_text content_tablet=&#8221;<\/p>\n<h1><span style=%22font-size: 40px;%22>Politique de confidentialit\u00e9<\/span><\/h1>\n<p>&#8221; content_phone=&#8221;<\/p>\n<h1><span style=%22font-size: 30px;%22>Politique de confidentialit\u00e9<\/span><\/h1>\n<p>&#8221; content_last_edited=&#8221;on|phone&#8221; _builder_version=&#8221;4.16&#8243; _module_preset=&#8221;default&#8221; global_colors_info=&#8221;{}&#8221;]<\/p>\n<h1>Politique de confidentialit\u00e9<\/h1>\n<p>[\/et_pb_text][et_pb_text _builder_version=&#8221;4.16&#8243; _module_preset=&#8221;default&#8221; global_colors_info=&#8221;{}&#8221;]<\/p>\n<h3>Article 1 \u2013 Importance de la protection de la vie priv\u00e9e<\/h3>\n<p>Axelor a pour mission de mettre \u00e0 disposition des entreprises et des entrepreneurs un outil de gestion d\u2019entreprise pour tout secteur d\u2019activit\u00e9. Prot\u00e9ger la confidentialit\u00e9 de vos donn\u00e9es est au c\u0153ur des pr\u00e9occupations d\u2019Axelor lors de la r\u00e9alisation de cette mission.<\/p>\n<p>Afin de formaliser cet engagement, Axelor a r\u00e9dig\u00e9 et mets \u00e0 votre disposition la pr\u00e9sente Politique de Confidentialit\u00e9 (PC dans la suite de ce document). Cette PC s\u2019applique aux informations et aux donn\u00e9es collect\u00e9es et contr\u00f4l\u00e9es par Axelor, y compris les donn\u00e9es collect\u00e9es sur son site web.[\/et_pb_text][et_pb_text _builder_version=&#8221;4.16&#8243; _module_preset=&#8221;default&#8221; global_colors_info=&#8221;{}&#8221;]<\/p>\n<h3>Article 2 \u2013 Modification<\/h3>\n<p>Axelor peut modifier la pr\u00e9sente PC de temps \u00e0 autre. Elle vous en informe par tout moyen. Il vous est demand\u00e9 de v\u00e9rifier cette PC p\u00e9riodiquement pour voir les notifications de r\u00e9vision.<\/p>\n<p>[\/et_pb_text][et_pb_text _builder_version=&#8221;4.16&#8243; _module_preset=&#8221;default&#8221; global_colors_info=&#8221;{}&#8221;]<\/p>\n<h3>Article 3 \u2013 Quand vos donn\u00e9es personnelles sont-elles collect\u00e9es ?<\/h3>\n<ul>\n<li>Lorsque vous compl\u00e9tez le formulaire de contact, postez des messages sur nos forums de discussion, informations, telles que des livres blancs ou d&#8217;autres publications, ou prenez part \u00e0 toute activit\u00e9 propos\u00e9e dans n&#8217;importe quelle autre zone interactive pr\u00e9sente sur notre site Internet ou sur notre application ou service ;<\/li>\n<li>Lorsque plus g\u00e9n\u00e9ralement, vous naviguez sur notre site internet ;<\/li>\n<li>Lorsque vous interagissez avec nous en utilisant des r\u00e9seaux sociaux ;<\/li>\n<li>Lorsque vous nous fournissez vos coordonn\u00e9es de contact lors de votre enregistrement ou de votre acc\u00e8s \u00e0 tout site Internet, application ou service que nous mettons \u00e0 disposition ou lorsque vous actualisez ces coordonn\u00e9es ;<\/li>\n<li>Et lorsque vous nous contactez par t\u00e9l\u00e9phone ou courrier, par exemple.<\/li>\n<\/ul>\n<p>[\/et_pb_text][et_pb_text _builder_version=&#8221;4.16&#8243; _module_preset=&#8221;default&#8221; hover_enabled=&#8221;0&#8243; global_colors_info=&#8221;{}&#8221; sticky_enabled=&#8221;0&#8243;]<\/p>\n<h3>Article 4 \u2013 Donn\u00e9es personnelles collect\u00e9es<\/h3>\n<h4>4.1 Outil de tracking appvizer<\/h4>\n<p>Lorsque vous naviguez sur notre site internet, lorsque vous l\u2019avez d\u00e9couvert via le site internet appvizer, votre adresse e-mail est collect\u00e9e.<\/p>\n<h4>4.2 Formulaire de contact<\/h4>\n<p>Lorsque vous utilisez le formulaire de contact, vous devez renseigner votre nom, votre pr\u00e9nom, votre civilit\u00e9, votre adresse e-mail, vos num\u00e9ros de t\u00e9l\u00e9phone, ainsi qu\u2019un mot de passe. Ces informations vous sont \u00e9galement demand\u00e9es lorsque vous nous contactez par t\u00e9l\u00e9phone.<\/p>\n<h4>4.3 Candidature \u00e0 une offre d\u2019emploi<\/h4>\n<p>Lorsque vous candidatez, sur notre site internet ou sur un autre site, \u00e0 une offre d\u2019emploi que nous diffusons, nous collectons vos informations de contact (nom, pr\u00e9nom, e-mail, t\u00e9l\u00e9phone) et toute autre information que vous choisissez de partager avec nous dans votre CV et votre lettre de motivation. Si votre candidature est retenue, nous pouvons \u00eatre amen\u00e9s \u00e0 vous demander de nous transmettre des informations compl\u00e9mentaires, que vous choisissez librement de partager ou non avec nous. Si le processus de recrutement aboutit et que vous int\u00e9grez nos \u00e9quipes, nous vous demanderons \u00e0 nouveau de nous transmettre des donn\u00e9es personnelles, telles que par exemple votre num\u00e9ro de s\u00e9curit\u00e9 social, qu\u2019il nous est l\u00e9galement impos\u00e9 d\u2019obtenir.<\/p>\n<p>Nous ne vous demanderons jamais de nous communiquer des informations qui ne sont pas n\u00e9cessaires au processus de recrutement.<\/p>\n<h4>4.4 Utilisation de nos applications<\/h4>\n<p>Lorsque vous devenez un client d\u2019Axelor, vous utiliserez probablement les Applications Axelor pour collecter des donn\u00e9es personnelles : celles de vos clients, celles de vos collaborateurs en tant qu\u2019utilisateur, par exemple. Vous gardez \u00e0 tout moment l\u2019enti\u00e8re propri\u00e9t\u00e9 et contr\u00f4le sur ces donn\u00e9es, et vous en \u00eates le garant. Vous \u00eates responsable de traitement pour les donn\u00e9es que vous collectez au sens du R\u00e8glement Europ\u00e9en sur la Protection des Donn\u00e9es, et, si vous avez souscrit \u00e0 une offre d\u2019h\u00e9bergement, nous agissons pour votre compte en tant que sous-traitant pour h\u00e9berger ces donn\u00e9es. Pour plus d\u2019information \u00e0 ce sujet, vous pouvez vous r\u00e9f\u00e9rez \u00e0 notre <a href=\"https:\/\/axelor.com\/fr\/politique-de-securisation-et-de-traitement-des-donnees\/\">Politique de S\u00e9curisation et de Traitements des Donn\u00e9es.<\/a><\/p>\n<h4>4.5 Utilisation des services<\/h4>\n<p>Axelor enregistre des donn\u00e9es relatives \u00e0 votre utilisation de nos services, et \u00e0 votre activit\u00e9 au sein de nos services, ainsi qu\u2019\u00e0 celles de vos utilisateurs, ce qui inclut toutes nos applications et notre site internet, notamment lorsque vous cliquez, par exemple sur du contenu et lorsque vous interagissez avec ces derniers, quand vous effectuez une recherche, quand vous installez ou mettez \u00e0 jour une de nos applications. Axelor utilise des identifiants de connexion, des cookies, des adresses IP pour vous identifier et pour enregistrer votre activit\u00e9.<\/p>\n<h4>4.6 Cookies<\/h4>\n<p>Les cookies sont des petits fichiers textes qui peuvent \u00eatre utilis\u00e9s par les sites web pour rendre l&#8217;exp\u00e9rience utilisateur plus efficace.<\/p>\n<p>La loi stipule que nous ne pouvons stocker des cookies sur votre appareil que s\u2019ils sont strictement n\u00e9cessaires au fonctionnement de ce site. Pour tous les autres types de cookies, nous avons besoin de votre permission.<\/p>\n<p>Les sites internet et application d\u2019Axelor utilisent des cookies et des technologies similaires (comme des balises Web, des pixels, des tags publicitaires et des identificateurs d\u2019appareils). Certains cookies sont plac\u00e9s par les services tiers qui apparaissent sur nos pages.<\/p>\n<p>\u00c0 tout moment, vous pouvez modifier ou retirer votre consentement dans la D\u00e9claration relative aux cookies sur notre site web.<\/p>\n<h4>4.7 Appareil et g\u00e9olocalisation<\/h4>\n<p>Lorsque vous consultez ou quittez les applications Axelor (y compris ses plug-ins, cookies ou technologies similaires sur les sites de tiers), Axelor re\u00e7oit l\u2019URL du site que vous quittez et celle du site o\u00f9 vous allez. Axelor obtient \u00e9galement des informations relatives aux interactions entre vos applications, vos navigateurs, vos appareils et ses services, telle que l\u2019adresse IP, le serveur proxy, le syst\u00e8me d\u2019exploitation, le navigateur web, les rapports d\u2019erreur, l\u2019activit\u00e9 du syst\u00e8me, les fonctionnalit\u00e9s et l\u2019identifiant de l\u2019appareil, et\/ou le nom de votre op\u00e9rateur mobile ou fournisseur d\u2019acc\u00e8s Internet, ainsi que la date, l\u2019heure et l\u2019URL de provenance de votre demande. Si vous utilisez les applications Axelor sur un appareil mobile, celui-ci enverra \u00e0 Axelor des donn\u00e9es sur votre position g\u00e9ographique selon les param\u00e8tres d\u00e9finis sur votre t\u00e9l\u00e9phone. Axelor vous demandera votre consentement avant d\u2019utiliser le GPS ou d\u2019autres outils permettant d\u2019identifier votre emplacement exact.<\/p>\n<h4>4.8 Message<\/h4>\n<p>Lors de l\u2019utilisation des Applications Axelor et des services connexes fournis, vous pouvez \u00eatre amen\u00e9 \u00e0 envoyer, recevoir et consulter des messages en lien avec votre utilisation des applications Axelor ou de ses services. Par exemple si vous faites une demande aupr\u00e8s du support de Axelor, votre demande est enregistr\u00e9e pour pouvoir y r\u00e9pondre. Axelor utilise \u00e9galement une technologie d\u2019analyse automatique des messages.<\/p>\n<h4>4.9 Information sur le lieu de travail<\/h4>\n<p>Lorsque vous \u00eates ajout\u00e9s en tant qu\u2019utilisateur d\u2019une Application Axelor, Axelor enregistre cette information de laquelle il est possible de d\u00e9duire votre employeur et votre lieu de travail.<\/p>\n<h4>4.10 Information de paiement<\/h4>\n<p>Nous ne collectons ni ne conservons aucune information de paiement.[\/et_pb_text][et_pb_text _builder_version=&#8221;4.16&#8243; _module_preset=&#8221;default&#8221; global_colors_info=&#8221;{}&#8221;]<\/p>\n<h3>Article 5 \u2013 Pourquoi sont collect\u00e9es vos donn\u00e9es, et comment sont-elles utilis\u00e9es ?<\/h3>\n<p>&nbsp;<\/p>\n<h4>5.1 Donner acc\u00e8s aux applications<\/h4>\n<p>Axelor utilise en premier lieu toutes ces informations pour vous fournir les informations et les services demand\u00e9s ainsi que toutes les applications et tous les services que vous avez command\u00e9s, pour g\u00e9rer et administrer l\u2019utilisation que vous faites des applications, les produits et services que vous nous avez demand\u00e9 de fournir et pour g\u00e9rer la relation que nous entretenons avec vous, notamment la facturation et la comptabilit\u00e9.<\/p>\n<h4>5.2 Utilisation martketing<\/h4>\n<p>Vos donn\u00e9es sont \u00e9galement r\u00e9colt\u00e9es afin de nous donner des informations sur la mani\u00e8re vous avez connu Axelor, et sur le chemin que vous avez parcouru sur le web pour parvenir jusqu\u2019au site internet d\u2019Axelor.<\/p>\n<h4>5.3 Recruter<\/h4>\n<p>Nous traitons les informations que vous nous partager lors de votre candidature afin d\u2019\u00e9valuer et de suivre cette candidature, et \u00e9ventuellement afin de pr\u00e9parer votre contrat, si nous d\u00e9cidons de vous adresser une proposition d\u2019embauche.<\/p>\n<h4>5.4 Am\u00e9lioration des services<\/h4>\n<p>Axelor utilise \u00e9galement toutes ces informations afin de concevoir des services de meilleure qualit\u00e9, par exemple s\u2019assurer que ses services fonctionnent correctement et sans interruption, pour r\u00e9soudre des probl\u00e8mes que vous lui signalez, ou pour am\u00e9liorer l\u2019ergonomie de ses applications. Axelor utilise \u00e9galement ces informations pour d\u00e9velopper de nouveaux services ou de nouvelles fonctionnalit\u00e9s \u00e0 ses applications, l\u2019\u00e9tude de votre activit\u00e9 sur ses applications lui permettant d\u2019alimenter une roadmap de Recherche et D\u00e9veloppement.<\/p>\n<h4>5.5 Cookies<\/h4>\n<p>Notre d\u00e9claration relative aux cookies classe les cookies pr\u00e9sents sur nos sites web en 4 cat\u00e9gories :<\/p>\n<ul>\n<li>N\u00e9cessaires : ils contribuent \u00e0 rendre un site web utilisable en activant des fonctions de base comme la navigation de la page et l\u2019acc\u00e8s aux zones s\u00e9curis\u00e9es du site web. Le site web ne peut pas fonctionner correctement sans ces cookies.<\/li>\n<li>Pr\u00e9f\u00e9rences : les cookies de pr\u00e9f\u00e9rences permettent \u00e0 un site web de retenir des informations qui modifient la mani\u00e8re dont le site se comporte ou s\u2019affiche, comme votre langue pr\u00e9f\u00e9r\u00e9e ou la r\u00e9gion dans laquelle vous vous situez.<\/li>\n<li>Statistiques : Les cookies statistiques aident les propri\u00e9taires du site web, par la collecte et la communication d&#8217;informations de mani\u00e8re anonyme, \u00e0 comprendre comment les visiteurs interagissent avec les sites web.<\/li>\n<li>Marketing : Les cookies marketing sont utilis\u00e9s pour effectuer le suivi des visiteurs au travers des sites web. Le but est d&#8217;afficher des publicit\u00e9s qui sont pertinentes et int\u00e9ressantes pour l&#8217;utilisateur individuel et donc plus pr\u00e9cieuses pour les \u00e9diteurs et annonceurs tiers.<br \/>Les cookies non class\u00e9s sont les cookies qui sont en cours de classification, ainsi que les fournisseurs de cookies individuels.<\/li>\n<\/ul>\n<p>Par mis les cookies n\u00e9cessaires, Axelor utilise \u00ab Google reCAPTCHA \u00bb (ci-apr\u00e8s \u00ab reCAPTCHA \u00bb) sur nos sites Web. Ce service est fourni par Google Inc., 1600 Amphitheatre Parkway, Mountain View, CA 94043, \u00c9tats-Unis (\u00ab Google \u00bb).<br \/>reCAPTCHA est utilis\u00e9 pour v\u00e9rifier si les donn\u00e9es saisies sur le site Web de Axelor (par exemple sur un formulaire de contact) ont \u00e9t\u00e9 saisies par un utilisateur ou par un programme automatis\u00e9. Pour ce faire, reCAPTCHA analyse le comportement du visiteur du site en fonction de diff\u00e9rentes caract\u00e9ristiques. Cette analyse d\u00e9marre automatiquement d\u00e8s que le visiteur du site web entre sur le site. Pour l\u2019analyse, reCAPTCHA \u00e9value diverses informations (par exemple, l\u2019adresse IP, la dur\u00e9e pendant laquelle le visiteur a \u00e9t\u00e9 sur le site Web ou les mouvements de souris effectu\u00e9s par l\u2019utilisateur). Les donn\u00e9es collect\u00e9es lors de l\u2019analyse seront transmises \u00e0 Google.<br \/>Les analyses de reCAPTCHA se d\u00e9roulent compl\u00e8tement en arri\u00e8re-plan. Les visiteurs du site ne sont pas inform\u00e9s qu\u2019une telle analyse est en cours.<br \/>Le traitement des donn\u00e9es est bas\u00e9 sur l\u2019Art. 6 (1) (f) DSGVO. L\u2019op\u00e9rateur du site Web a un int\u00e9r\u00eat l\u00e9gitime \u00e0 prot\u00e9ger son site contre l\u2019exploration et le spam automatis\u00e9s abusifs.<br \/>Pour plus d\u2019informations sur Google reCAPTCHA et la politique de confidentialit\u00e9 de Google, veuillez consulter les liens suivants : https:\/\/www.google.com\/intl\/de\/policies\/privacy\/ et https:\/\/www.google.com\/recaptcha\/intro\/android.html<br \/>Pour plus de d\u00e9tails sur les autres cookies pr\u00e9sents sur nos sites internet, vous pouvez consulter notre D\u00e9claration relative aux cookies sur notre site internet.<br \/>Par ailleurs concernant nos applications, les cookies utilis\u00e9s sont n\u00e9cessaires et permettent \u00e0 Axelor de reconnaitre par exemple votre session utilisateur et de garder ainsi votre session ouverte, d\u2019une page \u00e0 l\u2019autre de l\u2019application notamment, ou m\u00eame d\u2019un onglet \u00e0 l\u2019autre.<br \/>Axelor utilise \u00e9galement dans ses applications des cookies, plus exactement un token csrf, pour emp\u00eacher des applications ext\u00e9rieures de collecter \u00e0 votre insu des donn\u00e9es personnelles.<\/p>\n<h4>5.6 Communication avec vous<\/h4>\n<p>Bien \u00e9videmment, Axelor utilisent les donn\u00e9es collect\u00e9es pour interagir avec vous, par exemple votre adresse e-mail. Axelor peut ainsi vous informer de modification ou d\u2019am\u00e9liorations \u00e0 venir de ses services. De plus, si vous contactez Axelor, une trace de votre demande sera conserv\u00e9e. Nous pouvons \u00e9galement utiliser vos donn\u00e9es \u00e0 des fins marketing et de communication.<\/p>\n<h4>5.7 Am\u00e9lioration de la s\u00e9curit\u00e9<\/h4>\n<p>Les donn\u00e9es collect\u00e9es servent \u00e9galement \u00e0 am\u00e9liorer la s\u00e9curit\u00e9 et la fiabilit\u00e9 des services propos\u00e9s par Axelor, gr\u00e2ce \u00e0 la d\u00e9tection, la pr\u00e9vention et le traitement des fraudes, abus, atteintes \u00e0 la s\u00e9curit\u00e9 et probl\u00e8mes techniques.<\/p>\n<h4>5.8 D\u00e9tection des abus<\/h4>\n<p>Axelor analyse votre contenu afin de d\u00e9tecter les abus, tels que le spam, les logiciels malveillants et le contenu ill\u00e9gal.<\/p>\n<h4>5.9 Technologies utilis\u00e9es<\/h4>\n<p>Axelor utilise diff\u00e9rentes technologies pour traiter vos informations, telles que des syst\u00e8mes automatiques qui analysent votre contenu. Par ailleurs, Axelor a recours \u00e0 des algorithmes pour d\u00e9tecter des structures dans les donn\u00e9es. Toutes les informations collect\u00e9es peuvent \u00eatre recoup\u00e9es.<\/p>\n<p>[\/et_pb_text][et_pb_text _builder_version=&#8221;4.23.1&#8243; _module_preset=&#8221;default&#8221; hover_enabled=&#8221;0&#8243; global_colors_info=&#8221;{}&#8221; sticky_enabled=&#8221;0&#8243;]<\/p>\n<h3>Article 6 \u2013 Comment et combien de temps vos donn\u00e9es sont-elles conserv\u00e9es ?<\/h3>\n<p>Nous ne conservons vos donn\u00e9es que le temps n\u00e9cessaire aux fins de r\u00e9alisation de la finalit\u00e9 pour laquelle elles ont \u00e9t\u00e9 collect\u00e9es, et jamais au-del\u00e0 de la dur\u00e9e d\u2019obligation l\u00e9gale de conservation.<\/p>\n<p>Axelor met en \u0153uvre toutes les mesures organisationnelles et de s\u00e9curit\u00e9 qu\u2019elle estime n\u00e9cessaire \u00e0 la protection de vos donn\u00e9es. Pour en savoir plus \u00e0 ce sujet, vous pouvez consultez notre <a href=\"https:\/\/axelor.com\/fr\/politique-de-securisation-et-de-traitement-des-donnees\/\">Politique de S\u00e9curisation et de Traitements des Donn\u00e9es<\/a>.<\/p>\n<p>[\/et_pb_text][et_pb_text _builder_version=&#8221;4.16&#8243; _module_preset=&#8221;default&#8221; global_colors_info=&#8221;{}&#8221;]<\/p>\n<h3>Article 7 \u2013 Partage de vos informations<\/h3>\n<h4>7.1 Consentement<\/h4>\n<p>Axelor ne communique vos donn\u00e9es personnelles \u00e0 des tiers qu\u2019avec votre consentement.<\/p>\n<h4>7.2 Sous-traitants<\/h4>\n<p>Axelor, dans le cadre de l\u2019analyse et de la collecte des donn\u00e9es, peut faire appel \u00e0 des sous-traitants. D\u2019autre part, pour sa gestion comptable et financi\u00e8re, Axelor peut-\u00eatre amen\u00e9 \u00e0 partager vos informations avec un cabinet de conseil.<\/p>\n<p>Axelor s\u2019assure que ces sous-traitants respectent leurs engagements en mati\u00e8re de protection, de s\u00e9curit\u00e9 et de confidentialit\u00e9 des donn\u00e9es.<\/p>\n<h4>7.3 Partenaires<\/h4>\n<p>Axelor peut communiquer, quand elle l\u2019estime pertinent au vu de votre demande, vos donn\u00e9es personnelles \u00e0 ses partenaires int\u00e9grateurs, et ce s\u2019ils sont plus \u00e0 m\u00eame qu\u2019elle de r\u00e9pondre \u00e0 votre demande.<\/p>\n<h4>7.4 Gestion financi\u00e8re<\/h4>\n<p>Axelor peut \u00eatre amen\u00e9 \u00e0 partager vos donn\u00e9es personnelles avec des tiers auxquels nous avons recours pour la r\u00e9alisation des transactions de paiement, tels que des \u00e9tablissements financiers.<\/p>\n<h4>7.5 L\u00e9gislation et d\u00e9cision de justice<\/h4>\n<p>Axelor peut se voir imposer la divulgation de vos donn\u00e9es personnelles par la loi ou par une d\u00e9cision de justice.<\/p>\n<h4>7.6 Informations ne permettant pas l\u2019identification<\/h4>\n<p>Axelor peut \u00eatre amen\u00e9 \u00e0 partager publiquement ou avec ses partenaires, des informations ne permettant pas d\u2019identifier personnellement l\u2019utilisateur, par exemple les tendances d\u2019utilisation de nos services.[\/et_pb_text][\/et_pb_column][\/et_pb_row][\/et_pb_section]<\/p>\n","protected":false},"excerpt":{"rendered":"<p>Politique de confidentialit\u00e9Article 1 \u2013 Importance de la protection de la vie priv\u00e9e Axelor a pour mission de mettre \u00e0 disposition des entreprises et des entrepreneurs un outil de gestion d\u2019entreprise pour tout secteur d\u2019activit\u00e9. Prot\u00e9ger la confidentialit\u00e9 de vos donn\u00e9es est au c\u0153ur des pr\u00e9occupations d\u2019Axelor lors de la r\u00e9alisation de cette mission. Afin [&hellip;]<\/p>\n","protected":false},"author":3,"featured_media":0,"parent":0,"menu_order":0,"comment_status":"closed","ping_status":"closed","template":"","meta":{"_acf_changed":false,"_et_pb_use_builder":"on","_et_pb_old_content":"","_et_gb_content_width":"","content-type":"","inline_featured_image":false,"footnotes":""},"acf":[],"yoast_head":"<!-- This site is optimized with the Yoast SEO plugin v22.0 - https:\/\/yoast.com\/wordpress\/plugins\/seo\/ -->\n<title>Politique de Confidentialit\u00e9 | Axelor<\/title>\n<meta name=\"description\" content=\"D\u00e9couvrez les termes de notre politique de notre confidentialit\u00e9 pour r\u00e9soudre tous vos questionnements.\" \/>\n<meta name=\"robots\" content=\"index, follow, max-snippet:-1, max-image-preview:large, max-video-preview:-1\" \/>\n<link rel=\"canonical\" href=\"https:\/\/test-www.axelor.com\/privacy-policy\/\" \/>\n<meta property=\"og:locale\" content=\"fr_FR\" \/>\n<meta property=\"og:type\" content=\"article\" \/>\n<meta property=\"og:title\" content=\"Politique de Confidentialit\u00e9 | Axelor\" \/>\n<meta property=\"og:description\" content=\"D\u00e9couvrez les termes de notre politique de notre confidentialit\u00e9 pour r\u00e9soudre tous vos questionnements.\" \/>\n<meta property=\"og:url\" content=\"https:\/\/test-www.axelor.com\/privacy-policy\/\" \/>\n<meta property=\"og:site_name\" content=\"Axelor\" \/>\n<meta property=\"article:modified_time\" content=\"2024-04-03T13:30:09+00:00\" \/>\n<meta name=\"twitter:card\" content=\"summary_large_image\" \/>\n<meta name=\"twitter:label1\" content=\"Dur\u00e9e de lecture estim\u00e9e\" \/>\n\t<meta name=\"twitter:data1\" content=\"10 minutes\" \/>\n<script type=\"application\/ld+json\" class=\"yoast-schema-graph\">{\"@context\":\"https:\/\/schema.org\",\"@graph\":[{\"@type\":\"WebPage\",\"@id\":\"https:\/\/test-www.axelor.com\/privacy-policy\/\",\"url\":\"https:\/\/test-www.axelor.com\/privacy-policy\/\",\"name\":\"Politique de Confidentialit\u00e9 | Axelor\",\"isPartOf\":{\"@id\":\"https:\/\/test-www.axelor.com\/#website\"},\"datePublished\":\"2021-06-22T12:09:53+00:00\",\"dateModified\":\"2024-04-03T13:30:09+00:00\",\"description\":\"D\u00e9couvrez les termes de notre politique de notre confidentialit\u00e9 pour r\u00e9soudre tous vos questionnements.\",\"breadcrumb\":{\"@id\":\"https:\/\/test-www.axelor.com\/privacy-policy\/#breadcrumb\"},\"inLanguage\":\"fr-FR\",\"potentialAction\":[{\"@type\":\"ReadAction\",\"target\":[\"https:\/\/test-www.axelor.com\/privacy-policy\/\"]}]},{\"@type\":\"BreadcrumbList\",\"@id\":\"https:\/\/test-www.axelor.com\/privacy-policy\/#breadcrumb\",\"itemListElement\":[{\"@type\":\"ListItem\",\"position\":1,\"name\":\"Accueil\",\"item\":\"https:\/\/test-www.axelor.com\/fr\/\"},{\"@type\":\"ListItem\",\"position\":2,\"name\":\"Politique de Confidentialit\u00e9\"}]},{\"@type\":\"WebSite\",\"@id\":\"https:\/\/test-www.axelor.com\/#website\",\"url\":\"https:\/\/test-www.axelor.com\/\",\"name\":\"Axelor\",\"description\":\"ERP CRM BPM Open Source\",\"potentialAction\":[{\"@type\":\"SearchAction\",\"target\":{\"@type\":\"EntryPoint\",\"urlTemplate\":\"https:\/\/test-www.axelor.com\/?s={search_term_string}\"},\"query-input\":\"required name=search_term_string\"}],\"inLanguage\":\"fr-FR\"}]}<\/script>\n<!-- \/ Yoast SEO plugin. -->","yoast_head_json":{"title":"Politique de Confidentialit\u00e9 | Axelor","description":"D\u00e9couvrez les termes de notre politique de notre confidentialit\u00e9 pour r\u00e9soudre tous vos questionnements.","robots":{"index":"index","follow":"follow","max-snippet":"max-snippet:-1","max-image-preview":"max-image-preview:large","max-video-preview":"max-video-preview:-1"},"canonical":"https:\/\/test-www.axelor.com\/privacy-policy\/","og_locale":"fr_FR","og_type":"article","og_title":"Politique de Confidentialit\u00e9 | Axelor","og_description":"D\u00e9couvrez les termes de notre politique de notre confidentialit\u00e9 pour r\u00e9soudre tous vos questionnements.","og_url":"https:\/\/test-www.axelor.com\/privacy-policy\/","og_site_name":"Axelor","article_modified_time":"2024-04-03T13:30:09+00:00","twitter_card":"summary_large_image","twitter_misc":{"Dur\u00e9e de lecture estim\u00e9e":"10 minutes"},"schema":{"@context":"https:\/\/schema.org","@graph":[{"@type":"WebPage","@id":"https:\/\/test-www.axelor.com\/privacy-policy\/","url":"https:\/\/test-www.axelor.com\/privacy-policy\/","name":"Politique de Confidentialit\u00e9 | Axelor","isPartOf":{"@id":"https:\/\/test-www.axelor.com\/#website"},"datePublished":"2021-06-22T12:09:53+00:00","dateModified":"2024-04-03T13:30:09+00:00","description":"D\u00e9couvrez les termes de notre politique de notre confidentialit\u00e9 pour r\u00e9soudre tous vos questionnements.","breadcrumb":{"@id":"https:\/\/test-www.axelor.com\/privacy-policy\/#breadcrumb"},"inLanguage":"fr-FR","potentialAction":[{"@type":"ReadAction","target":["https:\/\/test-www.axelor.com\/privacy-policy\/"]}]},{"@type":"BreadcrumbList","@id":"https:\/\/test-www.axelor.com\/privacy-policy\/#breadcrumb","itemListElement":[{"@type":"ListItem","position":1,"name":"Accueil","item":"https:\/\/test-www.axelor.com\/fr\/"},{"@type":"ListItem","position":2,"name":"Politique de Confidentialit\u00e9"}]},{"@type":"WebSite","@id":"https:\/\/test-www.axelor.com\/#website","url":"https:\/\/test-www.axelor.com\/","name":"Axelor","description":"ERP CRM BPM Open Source","potentialAction":[{"@type":"SearchAction","target":{"@type":"EntryPoint","urlTemplate":"https:\/\/test-www.axelor.com\/?s={search_term_string}"},"query-input":"required name=search_term_string"}],"inLanguage":"fr-FR"}]}},"_links":{"self":[{"href":"https:\/\/test-www.axelor.com\/fr\/wp-json\/wp\/v2\/pages\/38326"}],"collection":[{"href":"https:\/\/test-www.axelor.com\/fr\/wp-json\/wp\/v2\/pages"}],"about":[{"href":"https:\/\/test-www.axelor.com\/fr\/wp-json\/wp\/v2\/types\/page"}],"author":[{"embeddable":true,"href":"https:\/\/test-www.axelor.com\/fr\/wp-json\/wp\/v2\/users\/3"}],"replies":[{"embeddable":true,"href":"https:\/\/test-www.axelor.com\/fr\/wp-json\/wp\/v2\/comments?post=38326"}],"version-history":[{"count":5,"href":"https:\/\/test-www.axelor.com\/fr\/wp-json\/wp\/v2\/pages\/38326\/revisions"}],"predecessor-version":[{"id":374577,"href":"https:\/\/test-www.axelor.com\/fr\/wp-json\/wp\/v2\/pages\/38326\/revisions\/374577"}],"wp:attachment":[{"href":"https:\/\/test-www.axelor.com\/fr\/wp-json\/wp\/v2\/media?parent=38326"}],"curies":[{"name":"wp","href":"https:\/\/api.w.org\/{rel}","templated":true}]}}