{"id":339294,"date":"2022-02-14T17:18:46","date_gmt":"2022-02-14T16:18:46","guid":{"rendered":"https:\/\/test-www.axelor.com\/?page_id=339294"},"modified":"2025-07-25T16:16:11","modified_gmt":"2025-07-25T14:16:11","slug":"toutes-nos-formations","status":"publish","type":"page","link":"https:\/\/test-www.axelor.com\/fr\/toutes-nos-formations\/","title":{"rendered":"Nos formations"},"content":{"rendered":"<p>[et_pb_section fb_built=&#8221;1&#8243; module_class=&#8221;dark&#8221; _builder_version=&#8221;4.23.1&#8243; _module_preset=&#8221;default&#8221; use_background_color_gradient=&#8221;on&#8221; background_color_gradient_direction=&#8221;20deg&#8221; background_color_gradient_stops=&#8221;#0d021e 0%|#010177 100%&#8221; background_color_gradient_start=&#8221;#0d021e&#8221; background_color_gradient_end=&#8221;#010177&#8243; background_image=&#8221;https:\/\/axelor.com\/wp-content\/uploads\/2023\/12\/formation-en-ligne-1.png&#8221; background_position=&#8221;bottom_center&#8221; background_repeat=&#8221;repeat&#8221; custom_margin=&#8221;||||false|false&#8221; custom_padding=&#8221;0px||0px||true|false&#8221; locked=&#8221;off&#8221; global_colors_info=&#8221;{}&#8221;][et_pb_row column_structure=&#8221;2_3,1_3&#8243; _builder_version=&#8221;4.16&#8243; _module_preset=&#8221;default&#8221; width=&#8221;90%&#8221; max_width=&#8221;1380px&#8221; custom_margin=&#8221;0px||0px||true|false&#8221; custom_padding=&#8221;100px|0px|100px|0px|true|false&#8221; global_colors_info=&#8221;{}&#8221;][et_pb_column type=&#8221;2_3&#8243; _builder_version=&#8221;4.16&#8243; _module_preset=&#8221;default&#8221; global_colors_info=&#8221;{}&#8221;][et_pb_text module_class=&#8221;back-title icone&#8221; _builder_version=&#8221;4.23.1&#8243; _module_preset=&#8221;default&#8221; custom_margin=&#8221;||10px||false|false&#8221; locked=&#8221;off&#8221; global_colors_info=&#8221;{}&#8221;]<\/p>\n<p style=\"text-align: left;\"><i class=\"material-icons-two-tone\">school<\/i><span>Formations<\/span><\/p>\n<p>[\/et_pb_text][et_pb_text _builder_version=&#8221;4.23.1&#8243; _module_preset=&#8221;default&#8221; custom_margin=&#8221;||30px||false|false&#8221; global_colors_info=&#8221;{}&#8221;]<\/p>\n<h1>Nos formations<\/h1>\n<p>[\/et_pb_text][et_pb_code _builder_version=&#8221;4.23.1&#8243; _module_preset=&#8221;default&#8221; custom_margin=&#8221;50px||||false|false&#8221; global_colors_info=&#8221;{}&#8221;]<\/p>\n<div class=\"button-group\"><!-- [et_pb_line_break_holder] -->  <a href=\"#formation_en_cours\" class=\"button first\">Nos formations en cours<\/a><\/div>\n<p><!-- [et_pb_line_break_holder] -->[\/et_pb_code][\/et_pb_column][et_pb_column type=&#8221;1_3&#8243; _builder_version=&#8221;4.16&#8243; _module_preset=&#8221;default&#8221; global_colors_info=&#8221;{}&#8221;][\/et_pb_column][\/et_pb_row][\/et_pb_section][et_pb_section fb_built=&#8221;1&#8243; _builder_version=&#8221;4.23.1&#8243; _module_preset=&#8221;default&#8221; locked=&#8221;off&#8221; global_colors_info=&#8221;{}&#8221;][et_pb_row column_structure=&#8221;1_4,1_4,1_4,1_4&#8243; use_custom_gutter=&#8221;on&#8221; gutter_width=&#8221;1&#8243; module_class=&#8221;ver-center&#8221; _builder_version=&#8221;4.23.1&#8243; _module_preset=&#8221;default&#8221; max_width=&#8221;1380px&#8221; custom_margin=&#8221;||||true|false&#8221; custom_css_main_element=&#8221;gap:10px&#8221; global_colors_info=&#8221;{}&#8221;][et_pb_column type=&#8221;1_4&#8243; _builder_version=&#8221;4.23.1&#8243; _module_preset=&#8221;default&#8221; global_colors_info=&#8221;{}&#8221;][et_pb_text module_class=&#8221;light-gray-bg&#8221; _builder_version=&#8221;4.23.1&#8243; _module_preset=&#8221;default&#8221; text_orientation=&#8221;center&#8221; custom_margin=&#8221;||-1px||false|false&#8221; custom_padding=&#8221;30px|30px|30px|30px|true|true&#8221; border_radii=&#8221;on|5px|5px|5px|5px&#8221; global_colors_info=&#8221;{}&#8221;]<i class=\"material-icons-two-tone\">calendar_month<\/i><\/p>\n<p style=\"text-align: center; margin-top: -10px;\" class=\"display-xs\"><strong>Ann\u00e9e<br \/>\n<span style=\"color: #3ecf8e; font-size: 35px;\">2024<\/span><\/strong><\/p>\n<p>[\/et_pb_text][\/et_pb_column][et_pb_column type=&#8221;1_4&#8243; _builder_version=&#8221;4.16&#8243; _module_preset=&#8221;default&#8221; global_colors_info=&#8221;{}&#8221;][et_pb_text module_class=&#8221;light-gray-bg&#8221; _builder_version=&#8221;4.23.1&#8243; _module_preset=&#8221;default&#8221; text_orientation=&#8221;center&#8221; custom_margin=&#8221;||-1px||false|false&#8221; custom_padding=&#8221;30px|30px|30px|30px|true|true&#8221; border_radii=&#8221;on|5px|5px|5px|5px&#8221; global_colors_info=&#8221;{}&#8221;]<\/p>\n<p><i class=\"material-icons-two-tone\">handshake<\/i><\/p>\n<p style=\"text-align: center; margin-top: -10px;\"><strong><span style=\"color: #3ecf8e; font-size: 35px;\">56<br \/><\/span>partenaires<\/strong><\/p>\n<p>[\/et_pb_text][\/et_pb_column][et_pb_column type=&#8221;1_4&#8243; _builder_version=&#8221;4.16&#8243; _module_preset=&#8221;default&#8221; global_colors_info=&#8221;{}&#8221;][et_pb_text module_class=&#8221;light-gray-bg&#8221; _builder_version=&#8221;4.23.1&#8243; _module_preset=&#8221;default&#8221; text_orientation=&#8221;center&#8221; custom_margin=&#8221;||-1px||false|false&#8221; custom_padding=&#8221;30px|30px|30px|30px|true|true&#8221; border_radii=&#8221;on|5px|5px|5px|5px&#8221; global_colors_info=&#8221;{}&#8221;]<\/p>\n<p><i class=\"material-icons-two-tone\">workspace_premium<\/i><\/p>\n<p style=\"text-align: center; margin-top: -10px;\"><strong><span style=\"color: #3ecf8e; font-size: 35px;\">+90%<br \/><\/span>de taux de satisfaction<\/strong><\/p>\n<p>[\/et_pb_text][\/et_pb_column][et_pb_column type=&#8221;1_4&#8243; _builder_version=&#8221;4.16&#8243; _module_preset=&#8221;default&#8221; global_colors_info=&#8221;{}&#8221;][et_pb_image src=&#8221;https:\/\/axelor.com\/wp-content\/uploads\/2022\/02\/LogoQualiopi-300dpi-Avec-Marianne.png&#8221; alt=&#8221;Logo Qualiopi&#8221; url=&#8221;https:\/\/axelor.com\/assets\/AXELOR-Qualiopi.pdf&#8221; url_new_window=&#8221;on&#8221; show_bottom_space=&#8221;off&#8221; _builder_version=&#8221;4.23.1&#8243; _module_preset=&#8221;default&#8221; max_width=&#8221;80%&#8221; module_alignment=&#8221;center&#8221; global_colors_info=&#8221;{}&#8221;][\/et_pb_image][et_pb_text _builder_version=&#8221;4.23.1&#8243; _module_preset=&#8221;default&#8221; text_font_size=&#8221;12px&#8221; global_colors_info=&#8221;{}&#8221;]<\/p>\n<p style=\"text-align: center;\">La certification qualit\u00e9 a \u00e9t\u00e9 d\u00e9livr\u00e9e au titre de la ou des cat\u00e9gories d&#8217;actions suivantes : actions de formation<\/p>\n<p>[\/et_pb_text][\/et_pb_column][\/et_pb_row][\/et_pb_section][et_pb_section fb_built=&#8221;1&#8243; module_class=&#8221;light-gray-bg&#8221; _builder_version=&#8221;4.23.1&#8243; _module_preset=&#8221;default&#8221; custom_padding=&#8221;||||false|false&#8221; global_colors_info=&#8221;{}&#8221;][et_pb_row module_id=&#8221;formation_en_cours&#8221; _builder_version=&#8221;4.23.1&#8243; _module_preset=&#8221;default&#8221; global_colors_info=&#8221;{}&#8221;][et_pb_column type=&#8221;4_4&#8243; _builder_version=&#8221;4.16&#8243; _module_preset=&#8221;default&#8221; global_colors_info=&#8221;{}&#8221;][et_pb_text disabled_on=&#8221;off|off|off&#8221; _builder_version=&#8221;4.23.1&#8243; _module_preset=&#8221;default&#8221; global_colors_info=&#8221;{}&#8221;]<\/p>\n<h2 style=\"text-align: center;\">Formations disponibles<\/h2>\n<p>[\/et_pb_text][\/et_pb_column][\/et_pb_row][et_pb_row column_structure=&#8221;1_3,1_3,1_3&#8243; use_custom_gutter=&#8221;on&#8221; gutter_width=&#8221;2&#8243; make_equal=&#8221;on&#8221; _builder_version=&#8221;4.23.1&#8243; _module_preset=&#8221;default&#8221; max_width=&#8221;2560px&#8221; locked=&#8221;off&#8221; global_colors_info=&#8221;{}&#8221;][et_pb_column type=&#8221;1_3&#8243; _builder_version=&#8221;4.23.1&#8243; _module_preset=&#8221;default&#8221; background_color=&#8221;#FFFFFF&#8221; custom_padding=&#8221;||30px||false|false&#8221; border_radii=&#8221;on|15px|15px|15px|15px&#8221; box_shadow_style=&#8221;preset1&#8243; box_shadow_vertical=&#8221;0px&#8221; box_shadow_blur=&#8221;10px&#8221; box_shadow_color=&#8221;rgba(0,0,0,0.1)&#8221; global_colors_info=&#8221;{}&#8221; custom_css_main_element_last_edited=&#8221;off|desktop&#8221; custom_css_main_element_tablet=&#8221;width:100% !important&#8221; custom_css_main_element_phone=&#8221;width:100% !important&#8221;][et_pb_image src=&#8221;https:\/\/axelor.com\/wp-content\/uploads\/2023\/10\/4906332-ai.png&#8221; alt=&#8221;Acier&#8221; title_text=&#8221;cemea-miniature&#8221; align=&#8221;center&#8221; _builder_version=&#8221;4.23.1&#8243; _module_preset=&#8221;default&#8221; max_width=&#8221;350px&#8221; module_alignment=&#8221;center&#8221; global_colors_info=&#8221;{}&#8221;][\/et_pb_image][et_pb_text _builder_version=&#8221;4.23.1&#8243; _module_preset=&#8221;default&#8221; custom_margin=&#8221;||10px|||&#8221; global_colors_info=&#8221;{}&#8221;]<\/p>\n<p style=\"text-align: center;\"><span style=\"color: #3ecf8e; background: rgba(62,207,142,0.2); padding: 5px 10px; letter-spacing: .2px; border-radius: 3px; font-weight: 400; font-size: 15px; text-align: center;\">E-learning<\/span><\/p>\n<p>[\/et_pb_text][et_pb_text _builder_version=&#8221;4.23.1&#8243; _module_preset=&#8221;default&#8221; header_2_font_size=&#8221;2.25rem&#8221; custom_margin=&#8221;||16px|||&#8221; custom_padding=&#8221;|30px||30px|false|true&#8221; global_colors_info=&#8221;{}&#8221;]<\/p>\n<h2 style=\"text-align: center;\">Fonctionnelle<\/h2>\n<p>[\/et_pb_text][et_pb_text _builder_version=&#8221;4.23.1&#8243; _module_preset=&#8221;default&#8221; min_height=&#8221;150px&#8221; max_height=&#8221;300px&#8221; custom_padding=&#8221;|30px||30px|false|true&#8221; global_colors_info=&#8221;{}&#8221;]<\/p>\n<p style=\"text-align: left;\">Le nouveau format de formation fonctionnelle est propos\u00e9 sous forme e-learning accompagn\u00e9es de sessions de Q&amp;R avec un expert formateur.<\/p>\n<p>[\/et_pb_text][et_pb_text _builder_version=&#8221;4.23.1&#8243; _module_preset=&#8221;default&#8221; custom_margin=&#8221;20px||0px||false|false&#8221; custom_padding=&#8221;|30px||30px|false|true&#8221; locked=&#8221;off&#8221; global_colors_info=&#8221;{}&#8221;]<a href=\"https:\/\/axelor.com\/fr\/formation-fonctionnelle\/\" class=\"second-link\"><span>En savoir plus<\/span><i class=\"material-icons-two-tone\">keyboard_return<\/i><\/a>[\/et_pb_text][\/et_pb_column][et_pb_column type=&#8221;1_3&#8243; _builder_version=&#8221;4.23.1&#8243; _module_preset=&#8221;default&#8221; background_color=&#8221;#FFFFFF&#8221; custom_padding=&#8221;||30px||false|false&#8221; border_radii=&#8221;on|15px|15px|15px|15px&#8221; box_shadow_style=&#8221;preset1&#8243; box_shadow_vertical=&#8221;0px&#8221; box_shadow_blur=&#8221;10px&#8221; box_shadow_color=&#8221;rgba(0,0,0,0.1)&#8221; global_colors_info=&#8221;{}&#8221; custom_css_main_element_last_edited=&#8221;off|desktop&#8221; custom_css_main_element_tablet=&#8221;width:100% !important&#8221; custom_css_main_element_phone=&#8221;width:100% !important&#8221;][et_pb_image src=&#8221;https:\/\/axelor.com\/wp-content\/uploads\/2024\/02\/formation1.png&#8221; alt=&#8221;altered miniature&#8221; title_text=&#8221;formation1&#8243; align=&#8221;center&#8221; _builder_version=&#8221;4.23.1&#8243; _module_preset=&#8221;default&#8221; max_width=&#8221;350px&#8221; module_alignment=&#8221;center&#8221; global_colors_info=&#8221;{}&#8221;][\/et_pb_image][et_pb_text _builder_version=&#8221;4.23.1&#8243; _module_preset=&#8221;default&#8221; custom_margin=&#8221;||10px|||&#8221; global_colors_info=&#8221;{}&#8221;]<\/p>\n<p style=\"text-align: center;\"><span style=\"color: #3ecf8e; background: rgba(62,207,142,0.2); padding: 5px 10px; letter-spacing: .2px; border-radius: 3px; font-weight: 400; font-size: 15px; text-align: center;\">E-learning<\/span><\/p>\n<p>[\/et_pb_text][et_pb_text _builder_version=&#8221;4.23.1&#8243; _module_preset=&#8221;default&#8221; header_2_font_size=&#8221;2.25rem&#8221; custom_padding=&#8221;|30px||30px|false|true&#8221; global_colors_info=&#8221;{}&#8221;]<\/p>\n<h2 style=\"text-align: center;\">Technique<\/h2>\n<p>[\/et_pb_text][et_pb_text _builder_version=&#8221;4.23.1&#8243; _module_preset=&#8221;default&#8221; min_height=&#8221;150px&#8221; max_height=&#8221;300px&#8221; custom_padding=&#8221;|30px||30px|false|true&#8221; hover_enabled=&#8221;0&#8243; global_colors_info=&#8221;{}&#8221; sticky_enabled=&#8221;0&#8243;]<\/p>\n<p style=\"text-align: left;\">L\u2019\u00e9quipe Axelor vous propose des formations e-learning consacr\u00e9e aux d\u00e9veloppements (architecture, installation, gestion des objets et des vues&#8230;) sur un environnement web et mobile.<\/p>\n<p>[\/et_pb_text][et_pb_text _builder_version=&#8221;4.23.1&#8243; _module_preset=&#8221;default&#8221; custom_margin=&#8221;20px||0px||false|false&#8221; custom_padding=&#8221;|30px||30px|false|true&#8221; hover_enabled=&#8221;0&#8243; locked=&#8221;off&#8221; global_colors_info=&#8221;{}&#8221; sticky_enabled=&#8221;0&#8243;]<a href=\"https:\/\/axelor.com\/fr\/formations-techniques\/\" class=\"second-link\"><span>En savoir plus<\/span><i class=\"material-icons-two-tone\">keyboard_return<\/i><\/a>[\/et_pb_text][\/et_pb_column][et_pb_column type=&#8221;1_3&#8243; _builder_version=&#8221;4.23.1&#8243; _module_preset=&#8221;default&#8221; background_color=&#8221;#FFFFFF&#8221; custom_padding=&#8221;||30px||false|false&#8221; border_radii=&#8221;on|15px|15px|15px|15px&#8221; box_shadow_style=&#8221;preset1&#8243; box_shadow_vertical=&#8221;0px&#8221; box_shadow_blur=&#8221;10px&#8221; box_shadow_color=&#8221;rgba(0,0,0,0.1)&#8221; global_colors_info=&#8221;{}&#8221;][et_pb_image src=&#8221;https:\/\/axelor.com\/wp-content\/uploads\/2024\/02\/formation-bpm3.png&#8221; alt=&#8221;Homme qui ferme une bo\u00eete pour la livrer&#8221; title_text=&#8221;formation-bpm3&#8243; align=&#8221;center&#8221; _builder_version=&#8221;4.23.1&#8243; _module_preset=&#8221;default&#8221; max_width=&#8221;350px&#8221; module_alignment=&#8221;center&#8221; global_colors_info=&#8221;{}&#8221;][\/et_pb_image][et_pb_text _builder_version=&#8221;4.23.1&#8243; _module_preset=&#8221;default&#8221; custom_margin=&#8221;||10px|||&#8221; global_colors_info=&#8221;{}&#8221;]<\/p>\n<p style=\"text-align: center;\"><span style=\"color: #3ecf8e; background: rgba(62,207,142,0.2); padding: 5px 10px; letter-spacing: .2px; border-radius: 3px; font-weight: 400; font-size: 15px; text-align: center;\">E-learning<\/span><\/p>\n<p>[\/et_pb_text][et_pb_text _builder_version=&#8221;4.23.1&#8243; _module_preset=&#8221;default&#8221; header_2_font_size=&#8221;2.25rem&#8221; custom_padding=&#8221;|30px||30px|false|true&#8221; global_colors_info=&#8221;{}&#8221;]<\/p>\n<h2 style=\"text-align: center;\">Low Code<\/h2>\n<p>[\/et_pb_text][et_pb_text _builder_version=&#8221;4.23.1&#8243; _module_preset=&#8221;default&#8221; min_height=&#8221;150px&#8221; max_height=&#8221;300px&#8221; custom_padding=&#8221;|30px||30px|false|true&#8221; global_colors_info=&#8221;{}&#8221;]<\/p>\n<p style=\"text-align: left;\">L\u2019\u00e9quipe Axelor propose une formation e-learning Low Code couvrant trois th\u00e9matiques cl\u00e9s : une formation Template, Business Intelligence (BI) et mod\u00e9lisation de processus m\u00e9tiers (BPM).<\/p>\n<p>[\/et_pb_text][et_pb_text _builder_version=&#8221;4.23.1&#8243; _module_preset=&#8221;default&#8221; custom_margin=&#8221;20px||0px||false|false&#8221; custom_padding=&#8221;|30px||30px|false|true&#8221; locked=&#8221;off&#8221; global_colors_info=&#8221;{}&#8221;]<\/p>\n<p><a href=\"https:\/\/axelor.com\/fr\/formations-low-code-no-code\/\" class=\"second-link\"><span>En savoir plus<\/span><i class=\"material-icons-two-tone\">keyboard_return<\/i><\/a><\/p>\n<p>[\/et_pb_text][\/et_pb_column][\/et_pb_row][\/et_pb_section][et_pb_section fb_built=&#8221;1&#8243; _builder_version=&#8221;4.23.1&#8243; _module_preset=&#8221;default&#8221; locked=&#8221;off&#8221; global_colors_info=&#8221;{}&#8221;][et_pb_row use_custom_gutter=&#8221;on&#8221; gutter_width=&#8221;1&#8243; make_equal=&#8221;on&#8221; module_class=&#8221;ver-center invert&#8221; _builder_version=&#8221;4.23.1&#8243; _module_preset=&#8221;default&#8221; background_color=&#8221;#32325D&#8221; width=&#8221;90%&#8221; max_width=&#8221;1380px&#8221; custom_margin=&#8221;25px||25px||true|false&#8221; custom_padding=&#8221;50px|50px|50px|50px|true|true&#8221; custom_css_main_element=&#8221;gap:10px&#8221; border_radii=&#8221;on|5px|5px|5px|5px&#8221; global_colors_info=&#8221;{}&#8221;][et_pb_column type=&#8221;4_4&#8243; _builder_version=&#8221;4.16&#8243; _module_preset=&#8221;default&#8221; global_colors_info=&#8221;{}&#8221;][et_pb_text module_class=&#8221;dark&#8221; _builder_version=&#8221;4.23.1&#8243; _module_preset=&#8221;default&#8221; header_2_font_size_tablet=&#8221;&#8221; header_2_font_size_phone=&#8221;33px&#8221; header_2_font_size_last_edited=&#8221;on|phone&#8221; global_colors_info=&#8221;{}&#8221;]<\/p>\n<h2 style=\"text-align: center;\">Informations pratiques<\/h2>\n<p>[\/et_pb_text][et_pb_divider color=&#8221;#3ECF8E&#8221; divider_weight=&#8221;2px&#8221; _builder_version=&#8221;4.23.1&#8243; _module_preset=&#8221;default&#8221; max_width=&#8221;50px&#8221; module_alignment=&#8221;center&#8221; global_colors_info=&#8221;{}&#8221;][\/et_pb_divider][et_pb_text module_class=&#8221;dark&#8221; _builder_version=&#8221;4.23.1&#8243; _module_preset=&#8221;default&#8221; text_text_color=&#8221;#FFFFFF&#8221; global_colors_info=&#8221;{}&#8221;]<\/p>\n<ul>\n<li>Les demandes d\u2019inscriptions doivent se faire minimum 7 jours ouvr\u00e9s avant le d\u00e9but de la formation.<\/li>\n<li>Notre service formation vous accompagne pour \u00e9tablir et fournir tous les documents administratifs n\u00e9cessaires \u00e0 la prise en charge de votre formation par votre OPCO (conventions de formation, feuille de pr\u00e9sence, certificat de r\u00e9alisation\u2026).<\/li>\n<li>Les demandes de convocations doivent imp\u00e9rativement se faire en amont de la formation, minimum 2 jours ouvr\u00e9s avant le d\u00e9but.<\/li>\n<li>Accessibilit\u00e9 handicap : Pour toutes questions relatives \u00e0 un handicap merci de prendre contact avec le service formation : <img loading=\"lazy\" decoding=\"async\" style=\"margin-bottom: -3px;\" width=\"169\" height=\"20\" src=\"https:\/\/axelor.com\/wp-content\/uploads\/2023\/07\/mfortier-1.svg\" \/>.<\/li>\n<li>R\u00e9f\u00e9rent handicap : Nihal SAGHDAOUI (<img loading=\"lazy\" decoding=\"async\" style=\"margin-bottom: -3px;\" width=\"200\" height=\"16\" src=\"https:\/\/axelor.com\/wp-content\/uploads\/2025\/05\/nihal-mail.svg\" \/>) \u2013 R\u00e9f\u00e9rent administratif : Nihal SAGHDAOUI (<img loading=\"lazy\" decoding=\"async\" style=\"margin-bottom: -3px;\" width=\"200\" height=\"16\" src=\"https:\/\/axelor.com\/wp-content\/uploads\/2025\/05\/nihal-mail.svg\" \/>) \u2013 R\u00e9f\u00e9rent p\u00e9dagogique fonctionnelle : Soukaina SBITTI (<img loading=\"lazy\" decoding=\"async\" style=\"margin-bottom: -3px;\" src=\"https:\/\/axelor.com\/wp-content\/uploads\/2024\/11\/sbitti-email.svg\" width=\"154\" height=\"17\" alt=\"\" class=\"wp-image-377617 alignnone size-full\" \/>) \u2013 R\u00e9f\u00e9rent p\u00e9dagogique technique : C\u00e9dric GUERRIER (<img loading=\"lazy\" decoding=\"async\" style=\"margin-bottom: -3px;\" src=\"https:\/\/axelor.com\/wp-content\/uploads\/2024\/11\/cguerrier-email.svg\" width=\"180\" height=\"18\" alt=\"\" class=\"wp-image-377619 alignnone size-full\" \/>) \u2013 R\u00e9f\u00e9rent p\u00e9dagogique BPM : Pierre COUDERC (<img loading=\"lazy\" decoding=\"async\" style=\"margin-bottom: -3px;\" src=\"https:\/\/axelor.com\/wp-content\/uploads\/2024\/11\/pcouderc-email.svg\" width=\"184\" height=\"17\" alt=\"\" class=\"wp-image-377621 alignnone size-full\" \/>)<\/li>\n<\/ul>\n<p>[\/et_pb_text][\/et_pb_column][\/et_pb_row][\/et_pb_section]<\/p>\n","protected":false},"excerpt":{"rendered":"<p>schoolFormationsNos formationscalendar_month Ann\u00e9e 2024handshake 56partenairesworkspace_premium +90%de taux de satisfactionLa certification qualit\u00e9 a \u00e9t\u00e9 d\u00e9livr\u00e9e au titre de la ou des cat\u00e9gories d&#8217;actions suivantes : actions de formationFormations disponiblesE-learningFonctionnelleLe nouveau format de formation fonctionnelle est propos\u00e9 sous forme e-learning accompagn\u00e9es de sessions de Q&amp;R avec un expert formateur.En savoir pluskeyboard_returnE-learningTechniqueL\u2019\u00e9quipe Axelor vous propose des formations e-learning [&hellip;]<\/p>\n","protected":false},"author":3,"featured_media":0,"parent":0,"menu_order":0,"comment_status":"closed","ping_status":"closed","template":"","meta":{"_acf_changed":false,"_et_pb_use_builder":"on","_et_pb_old_content":"<!-- wp:divi\/placeholder \/-->","_et_gb_content_width":"","content-type":"","inline_featured_image":false,"footnotes":""},"acf":[],"yoast_head":"<!-- This site is optimized with the Yoast SEO plugin v22.0 - https:\/\/yoast.com\/wordpress\/plugins\/seo\/ -->\n<title>Nos formations | Axelor<\/title>\n<meta name=\"description\" content=\"D\u00e9couvrez les formations propos\u00e9es par Axelor pour devenir incollable. Choisissez celle qui convient le mieux \u00e0 votre besoin !\" \/>\n<meta name=\"robots\" content=\"index, follow, max-snippet:-1, max-image-preview:large, max-video-preview:-1\" \/>\n<link rel=\"canonical\" href=\"https:\/\/test-www.axelor.com\/fr\/toutes-nos-formations\/\" \/>\n<meta property=\"og:locale\" content=\"fr_FR\" \/>\n<meta property=\"og:type\" content=\"article\" \/>\n<meta property=\"og:title\" content=\"Nos formations | Axelor\" \/>\n<meta property=\"og:description\" content=\"D\u00e9couvrez les formations propos\u00e9es par Axelor pour devenir incollable. Choisissez celle qui convient le mieux \u00e0 votre besoin !\" \/>\n<meta property=\"og:url\" content=\"https:\/\/test-www.axelor.com\/fr\/toutes-nos-formations\/\" \/>\n<meta property=\"og:site_name\" content=\"Axelor\" \/>\n<meta property=\"article:modified_time\" content=\"2025-07-25T14:16:11+00:00\" \/>\n<meta property=\"og:image\" content=\"https:\/\/axelor.com\/wp-content\/uploads\/2023\/07\/mfortier-1.svg\" \/>\n<meta name=\"twitter:card\" content=\"summary_large_image\" \/>\n<meta name=\"twitter:label1\" content=\"Dur\u00e9e de lecture estim\u00e9e\" \/>\n\t<meta name=\"twitter:data1\" content=\"5 minutes\" \/>\n<script type=\"application\/ld+json\" class=\"yoast-schema-graph\">{\"@context\":\"https:\/\/schema.org\",\"@graph\":[{\"@type\":\"WebPage\",\"@id\":\"https:\/\/test-www.axelor.com\/fr\/toutes-nos-formations\/\",\"url\":\"https:\/\/test-www.axelor.com\/fr\/toutes-nos-formations\/\",\"name\":\"Nos formations | Axelor\",\"isPartOf\":{\"@id\":\"https:\/\/test-www.axelor.com\/#website\"},\"datePublished\":\"2022-02-14T16:18:46+00:00\",\"dateModified\":\"2025-07-25T14:16:11+00:00\",\"description\":\"D\u00e9couvrez les formations propos\u00e9es par Axelor pour devenir incollable. Choisissez celle qui convient le mieux \u00e0 votre besoin !\",\"breadcrumb\":{\"@id\":\"https:\/\/test-www.axelor.com\/fr\/toutes-nos-formations\/#breadcrumb\"},\"inLanguage\":\"fr-FR\",\"potentialAction\":[{\"@type\":\"ReadAction\",\"target\":[\"https:\/\/test-www.axelor.com\/fr\/toutes-nos-formations\/\"]}]},{\"@type\":\"BreadcrumbList\",\"@id\":\"https:\/\/test-www.axelor.com\/fr\/toutes-nos-formations\/#breadcrumb\",\"itemListElement\":[{\"@type\":\"ListItem\",\"position\":1,\"name\":\"Accueil\",\"item\":\"https:\/\/test-www.axelor.com\/fr\/\"},{\"@type\":\"ListItem\",\"position\":2,\"name\":\"Nos formations\"}]},{\"@type\":\"WebSite\",\"@id\":\"https:\/\/test-www.axelor.com\/#website\",\"url\":\"https:\/\/test-www.axelor.com\/\",\"name\":\"Axelor\",\"description\":\"ERP CRM BPM Open Source\",\"potentialAction\":[{\"@type\":\"SearchAction\",\"target\":{\"@type\":\"EntryPoint\",\"urlTemplate\":\"https:\/\/test-www.axelor.com\/?s={search_term_string}\"},\"query-input\":\"required name=search_term_string\"}],\"inLanguage\":\"fr-FR\"}]}<\/script>\n<!-- \/ Yoast SEO plugin. -->","yoast_head_json":{"title":"Nos formations | Axelor","description":"D\u00e9couvrez les formations propos\u00e9es par Axelor pour devenir incollable. Choisissez celle qui convient le mieux \u00e0 votre besoin !","robots":{"index":"index","follow":"follow","max-snippet":"max-snippet:-1","max-image-preview":"max-image-preview:large","max-video-preview":"max-video-preview:-1"},"canonical":"https:\/\/test-www.axelor.com\/fr\/toutes-nos-formations\/","og_locale":"fr_FR","og_type":"article","og_title":"Nos formations | Axelor","og_description":"D\u00e9couvrez les formations propos\u00e9es par Axelor pour devenir incollable. Choisissez celle qui convient le mieux \u00e0 votre besoin !","og_url":"https:\/\/test-www.axelor.com\/fr\/toutes-nos-formations\/","og_site_name":"Axelor","article_modified_time":"2025-07-25T14:16:11+00:00","og_image":[{"url":"https:\/\/axelor.com\/wp-content\/uploads\/2023\/07\/mfortier-1.svg"}],"twitter_card":"summary_large_image","twitter_misc":{"Dur\u00e9e de lecture estim\u00e9e":"5 minutes"},"schema":{"@context":"https:\/\/schema.org","@graph":[{"@type":"WebPage","@id":"https:\/\/test-www.axelor.com\/fr\/toutes-nos-formations\/","url":"https:\/\/test-www.axelor.com\/fr\/toutes-nos-formations\/","name":"Nos formations | Axelor","isPartOf":{"@id":"https:\/\/test-www.axelor.com\/#website"},"datePublished":"2022-02-14T16:18:46+00:00","dateModified":"2025-07-25T14:16:11+00:00","description":"D\u00e9couvrez les formations propos\u00e9es par Axelor pour devenir incollable. Choisissez celle qui convient le mieux \u00e0 votre besoin !","breadcrumb":{"@id":"https:\/\/test-www.axelor.com\/fr\/toutes-nos-formations\/#breadcrumb"},"inLanguage":"fr-FR","potentialAction":[{"@type":"ReadAction","target":["https:\/\/test-www.axelor.com\/fr\/toutes-nos-formations\/"]}]},{"@type":"BreadcrumbList","@id":"https:\/\/test-www.axelor.com\/fr\/toutes-nos-formations\/#breadcrumb","itemListElement":[{"@type":"ListItem","position":1,"name":"Accueil","item":"https:\/\/test-www.axelor.com\/fr\/"},{"@type":"ListItem","position":2,"name":"Nos formations"}]},{"@type":"WebSite","@id":"https:\/\/test-www.axelor.com\/#website","url":"https:\/\/test-www.axelor.com\/","name":"Axelor","description":"ERP CRM BPM Open Source","potentialAction":[{"@type":"SearchAction","target":{"@type":"EntryPoint","urlTemplate":"https:\/\/test-www.axelor.com\/?s={search_term_string}"},"query-input":"required name=search_term_string"}],"inLanguage":"fr-FR"}]}},"_links":{"self":[{"href":"https:\/\/test-www.axelor.com\/fr\/wp-json\/wp\/v2\/pages\/339294"}],"collection":[{"href":"https:\/\/test-www.axelor.com\/fr\/wp-json\/wp\/v2\/pages"}],"about":[{"href":"https:\/\/test-www.axelor.com\/fr\/wp-json\/wp\/v2\/types\/page"}],"author":[{"embeddable":true,"href":"https:\/\/test-www.axelor.com\/fr\/wp-json\/wp\/v2\/users\/3"}],"replies":[{"embeddable":true,"href":"https:\/\/test-www.axelor.com\/fr\/wp-json\/wp\/v2\/comments?post=339294"}],"version-history":[{"count":94,"href":"https:\/\/test-www.axelor.com\/fr\/wp-json\/wp\/v2\/pages\/339294\/revisions"}],"predecessor-version":[{"id":382815,"href":"https:\/\/test-www.axelor.com\/fr\/wp-json\/wp\/v2\/pages\/339294\/revisions\/382815"}],"wp:attachment":[{"href":"https:\/\/test-www.axelor.com\/fr\/wp-json\/wp\/v2\/media?parent=339294"}],"curies":[{"name":"wp","href":"https:\/\/api.w.org\/{rel}","templated":true}]}}